{"id":9869,"date":"2022-11-28T19:35:45","date_gmt":"2022-11-28T16:35:45","guid":{"rendered":"http:\/\/cizgiromanokulu.org\/cr\/?page_id=9869"},"modified":"2022-11-28T19:44:23","modified_gmt":"2022-11-28T16:44:23","slug":"cizgi-roman-hakkinda-bir-kisim-akademik-calismalar","status":"publish","type":"page","link":"https:\/\/cizgiromanokulu.org\/cr\/cizgi-roman-hakkinda-bir-kisim-akademik-calismalar\/","title":{"rendered":"\u00c7\u0130ZG\u0130 ROMAN HAKKINDA B\u0130R KISIM AKADEM\u0130K \u00c7ALI\u015eMALAR"},"content":{"rendered":"<p><strong><a href=\"https:\/\/cizgiromanokulu.org\/cr\/wp-content\/uploads\/2022\/11\/tarkan.jpg\"><img loading=\"lazy\" decoding=\"async\" class=\" wp-image-9873 alignright\" src=\"https:\/\/cizgiromanokulu.org\/cr\/wp-content\/uploads\/2022\/11\/tarkan-240x300.jpg\" alt=\"\" width=\"167\" height=\"209\" srcset=\"https:\/\/cizgiromanokulu.org\/cr\/wp-content\/uploads\/2022\/11\/tarkan-240x300.jpg 240w, https:\/\/cizgiromanokulu.org\/cr\/wp-content\/uploads\/2022\/11\/tarkan-600x750.jpg 600w, https:\/\/cizgiromanokulu.org\/cr\/wp-content\/uploads\/2022\/11\/tarkan-624x780.jpg 624w, https:\/\/cizgiromanokulu.org\/cr\/wp-content\/uploads\/2022\/11\/tarkan.jpg 711w\" sizes=\"auto, (max-width: 167px) 100vw, 167px\" \/><\/a><a href=\"https:\/\/dergipark.org.tr\/tr\/download\/article-file\/1797943\">1. \u00c7\u0130ZG\u0130 ROMANDA \u201cYEN\u0130\u201d A\u00c7ILIMLAR<\/a><\/strong><\/p>\n<p><a href=\"https:\/\/dergipark.org.tr\/tr\/download\/article-file\/1855965\"><strong>2. \u00c7\u0130ZG\u0130 ROMANLARIN YABANCI D\u0130L \u00d6\u011eRET\u0130M\u0130NDE KULLANIMI<\/strong><\/a><\/p>\n<p><a href=\"http:\/\/nek.istanbul.edu.tr:4444\/ekos\/TEZ\/39566.pdf\"><strong>3. B\u0130R POP\u00dcLER K\u00dcLT\u00dcR \u00dcR\u00dcN\u00dc OLARAK \u00c7\u0130ZG\u0130 ROMANIN K\u00dcLT\u00dcREL, TOPLUMSAL VE S\u0130YASAL \u0130\u015eLEVLER\u0130<\/strong><\/a><\/p>\n<p><a href=\"https:\/\/www.anadiliegitimi.com\/en\/download\/article-file\/233994\"><strong>4. T\u00dcRK\u00c7E \u00d6\u011eRET\u0130M\u0130NDE \u00c7\u0130ZG\u0130 ROMANLARIN \u00d6\u011eRENME D\u00dcZEY\u0130NE ETK\u0130S\u0130<\/strong><\/a><\/p>\n<p><a href=\"https:\/\/www.researchgate.net\/publication\/334784694_Egitici_Cizgi_Romanin_Sosyal_Bilgiler_Dersinde_Kullanilmasina_Yonelik_Yari_Deneysel_Bir_Calisma_A_SEMI-EXPERIMENTAL_STUDY_ON_THE_USE_OF_EDUCATIONAL_COMICS_IN_SOCIAL_STUDIES\"><strong>5. \u00c7\u0130ZG\u0130 ROMANIN SOSYAL B\u0130LG\u0130LER DERS\u0130NDE KULLANILMASI<\/strong><\/a><\/p>\n<p><a href=\"https:\/\/www.researchgate.net\/publication\/354011250_CIZGI_ROMANLARIN_YABANCI_DIL_OGRETIMINDE_KULLANIMI_UZERINE_BIR_INCELEME\"><strong>6. \u00c7\u0130ZG\u0130 ROMANLARIN YABANCI D\u0130L \u00d6\u011eRET\u0130M\u0130NDE KULLANIMI<\/strong><\/a><\/p>\n<p><a href=\"https:\/\/www.academia.edu\/44999723\/G%C3%B6rsel_Bir_%C3%96%C4%9Fretim_Materyali_Olarak_Dijital_%C3%87izgi_Roman_Tasar%C4%B1m%C4%B1_Gezdim_G%C3%B6rd%C3%BCm_%C3%96%C4%9Frettim_Digital_Design_as_a_Visual_Instructional_Material_Visited_Discovered_Taught\"><strong>7. G\u00d6RSEL B\u0130R \u00d6\u011eRET\u0130M MATERYAL\u0130 OLARAK D\u0130J\u0130TAL \u00c7\u0130ZG\u0130 ROMAN TASARIMI<\/strong><\/a><\/p>\n<p><strong><a href=\"https:\/\/cizgiromanokulu.org\/cr\/wp-content\/uploads\/2022\/11\/kizilmaske.jpg\"><img loading=\"lazy\" decoding=\"async\" class=\"wp-image-9874 alignright\" src=\"https:\/\/cizgiromanokulu.org\/cr\/wp-content\/uploads\/2022\/11\/kizilmaske-212x300.jpg\" alt=\"\" width=\"166\" height=\"235\" srcset=\"https:\/\/cizgiromanokulu.org\/cr\/wp-content\/uploads\/2022\/11\/kizilmaske-212x300.jpg 212w, https:\/\/cizgiromanokulu.org\/cr\/wp-content\/uploads\/2022\/11\/kizilmaske-600x850.jpg 600w, https:\/\/cizgiromanokulu.org\/cr\/wp-content\/uploads\/2022\/11\/kizilmaske-624x884.jpg 624w, https:\/\/cizgiromanokulu.org\/cr\/wp-content\/uploads\/2022\/11\/kizilmaske.jpg 678w\" sizes=\"auto, (max-width: 166px) 100vw, 166px\" \/><\/a><a href=\"https:\/\/www.academia.edu\/32061713\/G%C3%96%C3%87MEN_%C3%87OCUKLARIN_T%C3%9CRK%C3%87E_%C4%B0LET%C4%B0%C5%9E%C4%B0M_BECER%C4%B0LER%C4%B0N%C4%B0N_GEL%C4%B0%C5%9E%C4%B0M%C4%B0NDE_%C3%87%C4%B0ZG%C4%B0_F%C4%B0LMLER_%C4%B0stanbul_Muhaf%C4%B1zlar%C4%B1_%C3%96rne%C4%9Fi_sf_129_145\">8. G\u00d6\u00c7MEN \u00c7OCUKLARIN T\u00dcRK\u00c7E \u0130LET\u0130\u015e\u0130M BECER\u0130LER\u0130N\u0130N GEL\u0130\u015e\u0130M\u0130NDE \u00c7\u0130ZG\u0130 F\u0130LMLER<\/a><\/strong><\/p>\n<p><a href=\"https:\/\/acikbilim.yok.gov.tr\/handle\/20.500.12812\/56040\"><strong>9. SOSYAL B\u0130LG\u0130LER DERS\u0130NDE E\u011e\u0130T\u0130C\u0130 \u00c7\u0130ZG\u0130 ROMAN VE E\u011e\u0130T\u0130C\u0130 \u00c7\u0130ZG\u0130 F\u0130LM KULLANIMININ \u00d6\u011eRENC\u0130LER\u0130N TUTUM, MOT\u0130VASYON VE AKADEM\u0130K BA\u015eARILARINA ETK\u0130LER\u0130<\/strong><\/a><\/p>\n<p><a href=\"https:\/\/acikbilim.yok.gov.tr\/bitstream\/handle\/20.500.12812\/347176\/yokAcikBilim_10329667.pdf?sequence=-1&amp;isAllowed=y\"><strong>10. ARG\u00dcMANTASYON DESTEKL\u0130 E\u011e\u0130T\u0130C\u0130 \u00c7\u0130ZG\u0130 ROMANLARIN \u00d6\u011eRENC\u0130LER\u0130N \u00c7EVREYE Y\u00d6NEL\u0130K \u0130LG\u0130, MOT\u0130VASYON VE AKADEM\u0130K BA\u015eARILARINA ETK\u0130S\u0130 \u0130LE \u00d6\u011eRENC\u0130 DENEY\u0130MLER\u0130<\/strong><\/a><\/p>\n<p><a href=\"http:\/\/www.efdergi.hacettepe.edu.tr\/upload\/files\/3434-cizgi-roman-teknigi.pdf\"><strong>11. F\u0130Z\u0130K \u00d6\u011eRET\u0130M\u0130NDE \u00c7\u0130ZG\u0130-ROMAN TEKN\u0130\u011e\u0130 \u0130LE GEL\u0130\u015eT\u0130R\u0130LEN B\u0130L\u0130M-KURGU H\u0130K\u00c2YELER\u0130N\u0130N YARATICI D\u00dc\u015e\u00dcNME BECER\u0130LER\u0130NE ETK\u0130S\u0130<\/strong><\/a><\/p>\n<p><a href=\"http:\/\/www.jret.org\/FileUpload\/ks281142\/File\/29.cihan.pdf\"><strong>12. E\u011e\u0130TSEL ARA\u00c7 OLARAK \u00c7\u0130ZG\u0130 ROMANIN \u0130LK\u00d6\u011eRET\u0130M 8. SINIF T\u00dcRK\u00c7E DERS KONULARINA UYARLANMASI<\/strong><\/a><\/p>\n<p><a href=\"https:\/\/www.bestdergi.net\/index.php\/bestdergi\/article\/view\/74\"><strong>13. \u00c7\u0130ZG\u0130 ROMANLA FEN B\u0130L\u0130MLER\u0130 \u00d6\u011eRET\u0130M\u0130N\u0130N \u00d6\u011eRENC\u0130 BA\u015eARISINA ETK\u0130S\u0130<\/strong><\/a><\/p>\n<p><strong><a href=\"https:\/\/search.trdizin.gov.tr\/yayin\/detay\/320936\/\">14. E\u011e\u0130T\u0130C\u0130 \u00c7\u0130ZG\u0130 ROMANLARIN D\u0130S\u0130PL\u0130NLER ARASI \u0130\u00c7ER\u0130KLER\u0130N\u0130N BEL\u0130RLENMES\u0130 VE OKUDU\u011eUNU ANLAMA STRATEJ\u0130LER\u0130NE UYGULANAB\u0130L\u0130RL\u0130\u011e\u0130<\/a><\/strong><\/p>\n<p><a href=\"https:\/\/avesis.gazi.edu.tr\/yonetilen-tez\/9df3eaa1-476e-4e54-badc-4c03cc6389a7\/cizgi-roman-teknigi-ile-gelistirilen-bilim-kurgu-hikayelerinin-ogrencilerin-yaratici-dusunme-becerilerinin-ve-fizige-iliskin-tutumlarinin-gelisimine-etkisi\"><strong>15. \u00c7\u0130ZG\u0130-ROMAN TEKN\u0130\u011e\u0130 \u0130LE GEL\u0130\u015eT\u0130R\u0130LEN B\u0130L\u0130M-KURGU H\u0130KAYELER\u0130N\u0130N \u00d6\u011eRENC\u0130LER\u0130N YARATICI D\u00dc\u015e\u00dcNME BECER\u0130LER\u0130N\u0130N VE F\u0130Z\u0130\u011eE \u0130L\u0130\u015eK\u0130N TUTUMLARININ GEL\u0130\u015e\u0130M\u0130NE ETK\u0130S\u0130<\/strong><\/a><strong><a href=\"https:\/\/cizgiromanokulu.org\/cr\/wp-content\/uploads\/2022\/11\/teksas2.jpg\"><img loading=\"lazy\" decoding=\"async\" class=\"wp-image-9872 alignright\" src=\"https:\/\/cizgiromanokulu.org\/cr\/wp-content\/uploads\/2022\/11\/teksas2-240x300.jpg\" alt=\"\" width=\"180\" height=\"225\" srcset=\"https:\/\/cizgiromanokulu.org\/cr\/wp-content\/uploads\/2022\/11\/teksas2-240x300.jpg 240w, https:\/\/cizgiromanokulu.org\/cr\/wp-content\/uploads\/2022\/11\/teksas2-600x750.jpg 600w, https:\/\/cizgiromanokulu.org\/cr\/wp-content\/uploads\/2022\/11\/teksas2-819x1024.jpg 819w, https:\/\/cizgiromanokulu.org\/cr\/wp-content\/uploads\/2022\/11\/teksas2-768x960.jpg 768w, https:\/\/cizgiromanokulu.org\/cr\/wp-content\/uploads\/2022\/11\/teksas2-624x780.jpg 624w, https:\/\/cizgiromanokulu.org\/cr\/wp-content\/uploads\/2022\/11\/teksas2.jpg 911w\" sizes=\"auto, (max-width: 180px) 100vw, 180px\" \/><\/a><br \/>\n<\/strong><\/p>\n<p><a href=\"https:\/\/acikerisim.isikun.edu.tr\/xmlui\/bitstream\/handle\/11729\/1284\/1284.pdf?sequence=1&amp;isAllowed=y\"><strong>16. \u00c7\u0130ZG\u0130 ROMAN\u2019DA \u00dc\u00c7\u00dcNC\u00dc ANLAM<\/strong><\/a><\/p>\n<p><strong><a href=\"https:\/\/asosindex.com.tr\/index.jsp?modul=articles-page&amp;journal-id=790&amp;article-id=44285\">17. MATEMAT\u0130K E\u011e\u0130T\u0130M\u0130NDE MANGA \u00c7\u0130ZG\u0130 ROMAN KULLANIMI<\/a><\/strong><\/p>\n","protected":false},"excerpt":{"rendered":"<p>1. \u00c7\u0130ZG\u0130 ROMANDA \u201cYEN\u0130\u201d A\u00c7ILIMLAR 2. \u00c7\u0130ZG\u0130 ROMANLARIN YABANCI D\u0130L \u00d6\u011eRET\u0130M\u0130NDE KULLANIMI 3. B\u0130R POP\u00dcLER K\u00dcLT\u00dcR \u00dcR\u00dcN\u00dc OLARAK \u00c7\u0130ZG\u0130 ROMANIN K\u00dcLT\u00dcREL, TOPLUMSAL VE S\u0130YASAL \u0130\u015eLEVLER\u0130 4. T\u00dcRK\u00c7E \u00d6\u011eRET\u0130M\u0130NDE \u00c7\u0130ZG\u0130 ROMANLARIN \u00d6\u011eRENME D\u00dcZEY\u0130NE ETK\u0130S\u0130 5. \u00c7\u0130ZG\u0130 ROMANIN SOSYAL B\u0130LG\u0130LER DERS\u0130NDE KULLANILMASI 6. \u00c7\u0130ZG\u0130 ROMANLARIN YABANCI D\u0130L \u00d6\u011eRET\u0130M\u0130NDE KULLANIMI 7. G\u00d6RSEL B\u0130R \u00d6\u011eRET\u0130M MATERYAL\u0130 OLARAK D\u0130J\u0130TAL \u00c7\u0130ZG\u0130 [&hellip;]<\/p>\n","protected":false},"author":1,"featured_media":0,"parent":0,"menu_order":0,"comment_status":"closed","ping_status":"closed","template":"","meta":{"footnotes":""},"class_list":["post-9869","page","type-page","status-publish","hentry"],"_links":{"self":[{"href":"https:\/\/cizgiromanokulu.org\/cr\/wp-json\/wp\/v2\/pages\/9869","targetHints":{"allow":["GET"]}}],"collection":[{"href":"https:\/\/cizgiromanokulu.org\/cr\/wp-json\/wp\/v2\/pages"}],"about":[{"href":"https:\/\/cizgiromanokulu.org\/cr\/wp-json\/wp\/v2\/types\/page"}],"author":[{"embeddable":true,"href":"https:\/\/cizgiromanokulu.org\/cr\/wp-json\/wp\/v2\/users\/1"}],"replies":[{"embeddable":true,"href":"https:\/\/cizgiromanokulu.org\/cr\/wp-json\/wp\/v2\/comments?post=9869"}],"version-history":[{"count":5,"href":"https:\/\/cizgiromanokulu.org\/cr\/wp-json\/wp\/v2\/pages\/9869\/revisions"}],"predecessor-version":[{"id":9879,"href":"https:\/\/cizgiromanokulu.org\/cr\/wp-json\/wp\/v2\/pages\/9869\/revisions\/9879"}],"wp:attachment":[{"href":"https:\/\/cizgiromanokulu.org\/cr\/wp-json\/wp\/v2\/media?parent=9869"}],"curies":[{"name":"wp","href":"https:\/\/api.w.org\/{rel}","templated":true}]}}