{"id":3592,"date":"2019-05-18T09:17:55","date_gmt":"2019-05-18T06:17:55","guid":{"rendered":"http:\/\/cizgiromanokulu.org\/cr\/?page_id=3592"},"modified":"2019-05-18T09:17:55","modified_gmt":"2019-05-18T06:17:55","slug":"cocuklarimizi-uyusturucudan-ve-bilgisayar-bagimliligindan-cizgi-roman-ile-kurtarabiliriz","status":"publish","type":"page","link":"https:\/\/cizgiromanokulu.org\/cr\/cocuklarimizi-uyusturucudan-ve-bilgisayar-bagimliligindan-cizgi-roman-ile-kurtarabiliriz\/","title":{"rendered":"\u00c7OCUKLARIMIZI UYU\u015eTURUCUDAN VE B\u0130LG\u0130SAYAR BA\u011eIMLILI\u011eINDAN \u00c7\u0130ZG\u0130 ROMAN \u0130LE KURTARAB\u0130L\u0130R\u0130Z"},"content":{"rendered":"<p>Fehmi Demirba\u011f<\/p>\n<p>\u0130LA\u00c7 G\u0130B\u0130 \u00c7\u0130ZG\u0130 ROMAN<\/p>\n<p>\u00c7izgi roman terapisi, hastalar\u0131n ki\u015fisel tecr\u00fcbelerini \u00f6yk\u00fcc\u00fc bir anlat\u0131mla ifade ederek duygu ve d\u00fc\u015f\u00fcncelerini sa\u011fl\u0131kl\u0131 bir \u015fekilde i\u015flemelerini sa\u011flayan bir sanat terapisidir. Bu y\u00f6ntem, hastalar\u0131n belirli \u00e7izgi romanlar\u0131 okuyup duygu ve d\u00fc\u015f\u00fcnceleri hakk\u0131nda konu\u015ftuklar\u0131 bir psikoterapi tedavisi \u00e7er\u00e7evesinde de kullan\u0131labilir. \u00c7izgi roman ve s\u00fcper kahramanlar\u0131n bir tedavi y\u00f6ntemi olarak kullan\u0131labilece\u011fi d\u00fc\u015f\u00fcncesi \u2013belki de bir e\u011flence arac\u0131 olarak g\u00f6r\u00fcld\u00fcklerinden- \u015fu ana kadar ciddiye al\u0131nmasa da az\u0131nl\u0131k kabul edilebilecek bir grup psikolog taraf\u0131ndan kabul edilmi\u015f durumda. \u00d6yle ki, Superman gibi kahramanlar bir e\u011flence arac\u0131 olmaktan \u00e7ok daha fazlas\u0131n\u0131 ifade ediyor; en derin korkular\u0131m\u0131z\u0131 inceleyip anlamam\u0131z\u0131 sa\u011fl\u0131yorlar.<\/p>\n<p>Psikoterapi Nedir?<br \/>\nDr. Patrick O\u2019Connor 2010 y\u0131l\u0131ndan beri \u00e7izgi roman k\u00fclt\u00fcr\u00fcn\u00fc bir terapi y\u00f6ntemi olarak kendi seanslar\u0131nda kullan\u0131yor. Bu fikri akl\u0131na getiren Bruce Wayne ve Dick Grayson (Batman &amp; Robin) aras\u0131ndaki ili\u015fki olmu\u015f. O\u2019Connor, Daily Beast\u2019e verdi\u011fi bir r\u00f6portajda bu d\u00fc\u015f\u00fcncesinin \u00e7ocuklar\u0131n ilgisini \u00e7ekecek, onlara yol g\u00f6sterecek bir fikir aray\u0131\u015f\u0131 sonucu ortaya \u00e7\u0131kt\u0131\u011f\u0131n\u0131 belirtiyor. Bu d\u00fc\u015f\u00fcncesini geni\u015fletmek i\u00e7in \u00e7izgi roman d\u00fckkanlar\u0131na gidip \u00f6nce Batman, \u2013ona bu fikri veren seri oldu\u011fu i\u00e7in- daha sonra Spider-Man, Steel ve Hawkman gibi serileri ara\u015ft\u0131rm\u0131\u015f. Bir yandan onlar\u0131 okuyup bir yandan da karakterlerin y\u00fczle\u015ftikleri sorunlar (\u201ckorkuyla y\u00fczle\u015fmek\u201d, \u201csevilen bir yak\u0131n\u0131n\u0131 kaybetmek\u201d, \u201cd\u0131\u015flanmak\u201d) \u00fczerine notlar alan O\u2019Connor\u2019\u0131n \u00e7al\u0131\u015fmalar\u0131, y\u00fczlerce \u00e7izgi roman \u00f6zeti ve bunlar\u0131n temellendirildi\u011fi psikolojik temalar \u00fczerine kurulu Comicspedia isimli online veri taban\u0131n\u0131 olu\u015fturmu\u015f.<br \/>\nTerapi seanslar\u0131n\u0131 bu y\u00f6ntemle iyile\u015ftirmeyi ba\u015faran bir ba\u015fka isim: Josu\u00e9 Cardona. 8-11 ya\u015f grubundaki \u00e7ocuklarla \u00e7al\u0131\u015ft\u0131\u011f\u0131 stajyerlik g\u00fcnlerinde onlarla daha kuvvetli ileti\u015fim kurman\u0131n yolunun kendilerini daha rahat hissettikleri bir ara\u00e7 kullanmaktan ge\u00e7ti\u011fini d\u00fc\u015f\u00fcnen Cardona, haftal\u0131k podcast ve haberlerin yer ald\u0131\u011f\u0131 Geek Therapy isimli websitesinin kurucusu. Ne var ki bu fikrin ortaya at\u0131l\u0131\u015f\u0131 O\u2019Connor ve Cardona\u2019n\u0131n \u00e7al\u0131\u015fmalar\u0131ndan daha da eskiye dayan\u0131yor. Bender-Gestalt Test\u2019iyle tan\u0131nan Lauretta Bender, \u00e7izgi roman terapisi \u00fczerine yap\u0131lan \u00e7al\u0131\u015fmalarda \u00f6nc\u00fc isimlerden biri. Psikofarmakoloji \u00fczerine uzmanla\u015fm\u0131\u015f bir psikiyatrist olan Dr. Lawrence Rubin S\u00fcper Kahramanlar\u0131n Dan\u0131\u015fma ve Oyun Terapisinde Kullan\u0131m\u0131 isimli kitab\u0131nda, Bender\u2019\u0131n \u00e7izgi romanlar\u0131n \u00e7ocuklar \u00fczerindeki pozitif etkisini Bellevue Hastanesi\u2019nde \u00e7al\u0131\u015ft\u0131\u011f\u0131 d\u00f6nemde fark etti\u011finden bahsediyor. Bender ve meslekta\u015f\u0131 Reginald Lourie 1941 y\u0131l\u0131nda \u2013ilk Superman say\u0131s\u0131n\u0131n raflarda yerini almas\u0131ndan yakla\u015f\u0131k 3 sene sonra\u2013 bu tarz hikayelerin 10-12 ya\u015f grubundaki \u00e7ocuklar\u0131n psikolojik tedavilerinde nas\u0131l yard\u0131mc\u0131 oldu\u011fu hakk\u0131nda bir makale yay\u0131nlad\u0131lar. Bender ve Lourie\u2019nin alanlar\u0131nda \u00f6nc\u00fc say\u0131lan ara\u015ft\u0131rmalar\u0131n\u0131n \u00fczerine bir\u00e7ok \u00e7al\u0131\u015fma daha yap\u0131lsa da hi\u00e7biri bu y\u00f6ntemi bilimsel olarak kan\u0131tlar nitelikte de\u011fildi.<br \/>\n\u00c7izgi roman terapisi, \u00fczerine hen\u00fcz yeterli say\u0131da bilimsel ara\u015ft\u0131rma yap\u0131lmamas\u0131 nedeniyle American Psychological Association taraf\u0131ndan tan\u0131nm\u0131yor olsa da psikolojik tedavide geleneksel y\u00f6ntemlere yarat\u0131c\u0131 bir alternatif sunmas\u0131yla umut vadediyor diyebiliriz.<\/p>\n<p>\u00d6zellikle milli benlik ve tarih \u015fuuru \u00e7izgiromanlarla \u00e7ocuklar\u0131m\u0131za kan\u0131ksat\u0131labilir.<br \/>\nUmar\u0131m bu konu toplumumuzda birilerinin dikkatini celbedebilir.<\/p>\n","protected":false},"excerpt":{"rendered":"<p>Fehmi Demirba\u011f \u0130LA\u00c7 G\u0130B\u0130 \u00c7\u0130ZG\u0130 ROMAN \u00c7izgi roman terapisi, hastalar\u0131n ki\u015fisel tecr\u00fcbelerini \u00f6yk\u00fcc\u00fc bir anlat\u0131mla ifade ederek duygu ve d\u00fc\u015f\u00fcncelerini sa\u011fl\u0131kl\u0131 bir \u015fekilde i\u015flemelerini sa\u011flayan bir sanat terapisidir. Bu y\u00f6ntem, hastalar\u0131n belirli \u00e7izgi romanlar\u0131 okuyup duygu ve d\u00fc\u015f\u00fcnceleri hakk\u0131nda konu\u015ftuklar\u0131 bir psikoterapi tedavisi \u00e7er\u00e7evesinde de kullan\u0131labilir. \u00c7izgi roman ve s\u00fcper kahramanlar\u0131n bir tedavi y\u00f6ntemi olarak [&hellip;]<\/p>\n","protected":false},"author":1,"featured_media":0,"parent":0,"menu_order":0,"comment_status":"closed","ping_status":"closed","template":"","meta":{"footnotes":""},"class_list":["post-3592","page","type-page","status-publish","hentry"],"_links":{"self":[{"href":"https:\/\/cizgiromanokulu.org\/cr\/wp-json\/wp\/v2\/pages\/3592","targetHints":{"allow":["GET"]}}],"collection":[{"href":"https:\/\/cizgiromanokulu.org\/cr\/wp-json\/wp\/v2\/pages"}],"about":[{"href":"https:\/\/cizgiromanokulu.org\/cr\/wp-json\/wp\/v2\/types\/page"}],"author":[{"embeddable":true,"href":"https:\/\/cizgiromanokulu.org\/cr\/wp-json\/wp\/v2\/users\/1"}],"replies":[{"embeddable":true,"href":"https:\/\/cizgiromanokulu.org\/cr\/wp-json\/wp\/v2\/comments?post=3592"}],"version-history":[{"count":1,"href":"https:\/\/cizgiromanokulu.org\/cr\/wp-json\/wp\/v2\/pages\/3592\/revisions"}],"predecessor-version":[{"id":3593,"href":"https:\/\/cizgiromanokulu.org\/cr\/wp-json\/wp\/v2\/pages\/3592\/revisions\/3593"}],"wp:attachment":[{"href":"https:\/\/cizgiromanokulu.org\/cr\/wp-json\/wp\/v2\/media?parent=3592"}],"curies":[{"name":"wp","href":"https:\/\/api.w.org\/{rel}","templated":true}]}}