{"id":3519,"date":"2019-03-27T21:30:38","date_gmt":"2019-03-27T18:30:38","guid":{"rendered":"http:\/\/cizgiromanokulu.org\/cr\/?page_id=3519"},"modified":"2021-11-27T15:54:35","modified_gmt":"2021-11-27T12:54:35","slug":"hayal-fabrikasi","status":"publish","type":"page","link":"https:\/\/cizgiromanokulu.org\/cr\/hayal-fabrikasi\/","title":{"rendered":"Hayal Fabrikas\u0131"},"content":{"rendered":"<h2 class=\"ustblkgenislet2 spot \">B\u00dcY\u00dcK\u00c7EKMECE \u0130l\u00e7e Milli E\u011fitim M\u00fcd\u00fcrl\u00fc\u011f\u00fc ve Ye\u015filay \u015eubesinin ortakla\u015fa d\u00fczenledi\u011fi Fehmi Demirba\u011f&#8217;\u0131n Hayal Fabrikas\u0131 projesinde \u00f6d\u00fcller sahiplerini buldu!<\/h2>\n<p>Sevgili Gen\u00e7ler;<\/p>\n<p>Ki\u015fi, ne denli bilgili olursa olsun, belle\u011fine g\u00fcvenmemelidir. \u00c7\u00fcnk\u00fc, zamanla bir\u00e7ok \u015fey unutulabilir. Bu nedenle, unutulmamas\u0131 gereken \u015feyler, yaz\u0131ya ge\u00e7irilmelidir. Yaz\u0131n\u0131n bulunmas\u0131, insanl\u0131k i\u00e7in \u00e7ok b\u00fcy\u00fck bir devrim olmu\u015ftur. S\u00f6zl\u00fc olarak aktar\u0131lan bilgiler, kulaktan kula\u011fa ge\u00e7erken bir\u00e7ok de\u011fi\u015fikli\u011fe u\u011frar. Kimi \u00f6nemli konular unutulur. Ama yaz\u0131ya ge\u00e7irilen bilgiler, gelecek ku\u015faklara hi\u00e7bir de\u011fi\u015fikli\u011fe u\u011framadan aktar\u0131l\u0131r. B\u00f6ylece, insanl\u0131\u011f\u0131n binlerce y\u0131ll\u0131k birikimi, ku\u015faktan ku\u015fa\u011fa aktar\u0131lm\u0131\u015f olur. Bilindi\u011fi gibi insan \u00f6mr\u00fc s\u0131n\u0131rl\u0131d\u0131r. Ancak insanl\u0131k d\u00fcnyada var olmay\u0131 s\u00fcrd\u00fcrecektir. Yeni ku\u015faklar, kendilerinden \u00f6nceki ku\u015faklar\u0131n birikiminin \u00fcst\u00fcne yeni de\u011ferler ekleyerek daha g\u00fczel bir d\u00fcnya i\u00e7in \u00e7al\u0131\u015fmay\u0131 s\u00fcrd\u00fcreceklerdir. B\u00f6ylece, kesintisiz bir bi\u00e7imde uygarl\u0131k geli\u015fip ilerleyecektir. Bunu sa\u011flayan da yaz\u0131d\u0131r. Bilginler ve sanat\u00e7\u0131lar, insanl\u0131\u011f\u0131n geli\u015fmesi i\u00e7in en dinamik g\u00fc\u00e7lerdir. Ancak bunlar\u0131n \u00e7al\u0131\u015fmalar\u0131 yaz\u0131ya ge\u00e7irildi\u011fi \u00f6l\u00e7\u00fcde ger\u00e7ek de\u011ferini bulur. Bug\u00fcn, y\u00fczlerce y\u0131l \u00f6ncesinin bir destan\u0131, \u015fiiri, roman\u0131 bizi ne denli etkiliyor. E\u011fer yaz\u0131 olmasayd\u0131 bunlar\u0131n b\u00fcy\u00fck b\u00f6l\u00fcm\u00fcn\u00fc yitirmi\u015f olacakt\u0131k. \u00d6rne\u011fin, T\u00fcrk destanlar\u0131 zaman\u0131nda yaz\u0131ya ge\u00e7irilemedi\u011fi i\u00e7in bug\u00fcn elimizde olan \u00f6zetleri ile yetinmek zorunday\u0131z. Bunlar\u0131n elimizde bulunan k\u0131saca konular\u0131 bile, insanl\u0131k i\u00e7in hazine de\u011ferindedir. Atalar\u0131m\u0131z\u0131n nas\u0131l d\u00fc\u015f\u00fcnd\u00fcklerini, nas\u0131l ya\u015fad\u0131klar\u0131n\u0131 bu metinlerden anlayabiliyoruz. Bu destanlar\u0131n t\u00fcm\u00fc yaz\u0131ya ge\u00e7irilmi\u015f olsayd\u0131, \u015fimdi tarihimizi, ge\u00e7mi\u015fimizi daha ayr\u0131nt\u0131l\u0131 bilmi\u015f olaca\u011f\u0131m\u0131z gibi, bunlar\u0131n anlat\u0131m\u0131 ile beslenen sanat\u0131m\u0131z da daha yetkin olacakt\u0131.<\/p>\n<p>Okumak y\u00fcce yarat\u0131c\u0131yla konu\u015fmakt\u0131r. Okursan \u00f6l\u00fclerle konu\u015fursun. Yazarsan do\u011fmam\u0131\u015f nesillerle. Okur-yazar olmak bir zaman makinas\u0131n\u0131n yolcusu olmak demektir.<\/p>\n<p>Herg\u00fcn bir sayfa yazarak k\u0131sa s\u00fcre i\u00e7erisinde elinde tutmu\u015f oldu\u011fun bu kitab\u0131n yazar\u0131 sen olacaks\u0131n.<\/p>\n<p>Unutma;<\/p>\n<p>Hedefimiz haftada bir kitap okuyarak senede bir kitap yazabilmek.<\/p>\n<p>Yani hem okur hem de yazar olmak&#8230;<\/p>\n<p>Yazarl\u0131k yolculu\u011funda sana ba\u015far\u0131lar diliyorum.<\/p>\n<p>Yazmasam \u00e7izsem olur mu diyenlere; neden olmas\u0131n diyoruz. Yeter ki elinizden ka\u011f\u0131t ve kalem d\u00fc\u015fmesin.<\/p>\n<p>Hayal Fabrikas\u0131 ile ilgili Bas\u0131nda \u00c7\u0131kan Baz\u0131 Yaz\u0131lar:<\/p>\n<p><a href=\"https:\/\/www.haberler.com\/baskan-mevlut-uysal-dan-hayal-fabrikasi-11869411-haberi\/\">Haberler.com Hayal Fabrikas\u0131 Haberi\u00a0<\/a><\/p>\n<p><a href=\"http:\/\/www.haber7.com\/guncel\/haber\/2844787-mevlut-uysal-hayal-fabrikasinda-dereceye-girenleri-odullendirdi\">Haber 7 Hayal Fabrikas\u0131 Haberi<\/a><\/p>\n<p><a href=\"https:\/\/www.gazetedamga.com.tr\/yerel-haberler\/ulkemiz-icin-hayal-kurun-h15842.html\">Gazete Damga Hayal Fabrikas\u0131 Haberi<\/a><\/p>\n<p style=\"text-align: center;\">Hayal Fabrikas\u0131 Projesi g\u00f6rsellerinin b\u00fcy\u00fck halleri i\u00e7in \u00fczerlerine t\u0131klay\u0131n.<\/p>\n<p style=\"text-align: center;\"><a href=\"https:\/\/cizgiromanokulu.org\/cr\/wp-content\/uploads\/2019\/03\/kayal-fabrikas\u0131-fehmi-demirba\u011f-yaz\u0131-1.jpeg\"><img loading=\"lazy\" decoding=\"async\" class=\"alignnone size-thumbnail wp-image-3534\" src=\"https:\/\/cizgiromanokulu.org\/cr\/wp-content\/uploads\/2019\/03\/kayal-fabrikas\u0131-fehmi-demirba\u011f-yaz\u0131-1-150x150.jpeg\" alt=\"\" width=\"150\" height=\"150\" srcset=\"https:\/\/cizgiromanokulu.org\/cr\/wp-content\/uploads\/2019\/03\/kayal-fabrikas\u0131-fehmi-demirba\u011f-yaz\u0131-1-150x150.jpeg 150w, https:\/\/cizgiromanokulu.org\/cr\/wp-content\/uploads\/2019\/03\/kayal-fabrikas\u0131-fehmi-demirba\u011f-yaz\u0131-1-50x50.jpeg 50w, https:\/\/cizgiromanokulu.org\/cr\/wp-content\/uploads\/2019\/03\/kayal-fabrikas\u0131-fehmi-demirba\u011f-yaz\u0131-1-100x100.jpeg 100w\" sizes=\"auto, (max-width: 150px) 100vw, 150px\" \/><\/a><a href=\"https:\/\/cizgiromanokulu.org\/cr\/wp-content\/uploads\/2019\/03\/kayal-fabrikas\u0131-yaz\u0131-fehmi-demirba\u011f-2.jpeg\"><img loading=\"lazy\" decoding=\"async\" class=\"alignnone size-thumbnail wp-image-3535\" src=\"https:\/\/cizgiromanokulu.org\/cr\/wp-content\/uploads\/2019\/03\/kayal-fabrikas\u0131-yaz\u0131-fehmi-demirba\u011f-2-150x150.jpeg\" alt=\"\" width=\"150\" height=\"150\" srcset=\"https:\/\/cizgiromanokulu.org\/cr\/wp-content\/uploads\/2019\/03\/kayal-fabrikas\u0131-yaz\u0131-fehmi-demirba\u011f-2-150x150.jpeg 150w, https:\/\/cizgiromanokulu.org\/cr\/wp-content\/uploads\/2019\/03\/kayal-fabrikas\u0131-yaz\u0131-fehmi-demirba\u011f-2-50x50.jpeg 50w, https:\/\/cizgiromanokulu.org\/cr\/wp-content\/uploads\/2019\/03\/kayal-fabrikas\u0131-yaz\u0131-fehmi-demirba\u011f-2-100x100.jpeg 100w\" sizes=\"auto, (max-width: 150px) 100vw, 150px\" \/><\/a>\u00a0<a href=\"https:\/\/cizgiromanokulu.org\/cr\/wp-content\/uploads\/2019\/03\/kayal-fabrikas\u0131-yaz\u0131-fehmi-demirba\u011f-3.jpeg\"><img loading=\"lazy\" decoding=\"async\" class=\"alignnone size-thumbnail wp-image-3536\" src=\"https:\/\/cizgiromanokulu.org\/cr\/wp-content\/uploads\/2019\/03\/kayal-fabrikas\u0131-yaz\u0131-fehmi-demirba\u011f-3-150x150.jpeg\" alt=\"\" width=\"150\" height=\"150\" srcset=\"https:\/\/cizgiromanokulu.org\/cr\/wp-content\/uploads\/2019\/03\/kayal-fabrikas\u0131-yaz\u0131-fehmi-demirba\u011f-3-150x150.jpeg 150w, https:\/\/cizgiromanokulu.org\/cr\/wp-content\/uploads\/2019\/03\/kayal-fabrikas\u0131-yaz\u0131-fehmi-demirba\u011f-3-50x50.jpeg 50w, https:\/\/cizgiromanokulu.org\/cr\/wp-content\/uploads\/2019\/03\/kayal-fabrikas\u0131-yaz\u0131-fehmi-demirba\u011f-3-100x100.jpeg 100w\" sizes=\"auto, (max-width: 150px) 100vw, 150px\" \/><\/a>\u00a0<a href=\"https:\/\/cizgiromanokulu.org\/cr\/wp-content\/uploads\/2019\/03\/kayal-fabrikas\u0131-yaz\u0131-fehmi-demirba\u011f-4.jpeg\"><img loading=\"lazy\" decoding=\"async\" class=\"alignnone size-thumbnail wp-image-3537\" src=\"https:\/\/cizgiromanokulu.org\/cr\/wp-content\/uploads\/2019\/03\/kayal-fabrikas\u0131-yaz\u0131-fehmi-demirba\u011f-4-150x150.jpeg\" alt=\"\" width=\"150\" height=\"150\" srcset=\"https:\/\/cizgiromanokulu.org\/cr\/wp-content\/uploads\/2019\/03\/kayal-fabrikas\u0131-yaz\u0131-fehmi-demirba\u011f-4-150x150.jpeg 150w, https:\/\/cizgiromanokulu.org\/cr\/wp-content\/uploads\/2019\/03\/kayal-fabrikas\u0131-yaz\u0131-fehmi-demirba\u011f-4-50x50.jpeg 50w, https:\/\/cizgiromanokulu.org\/cr\/wp-content\/uploads\/2019\/03\/kayal-fabrikas\u0131-yaz\u0131-fehmi-demirba\u011f-4-100x100.jpeg 100w\" sizes=\"auto, (max-width: 150px) 100vw, 150px\" \/><\/a>\u00a0<a href=\"https:\/\/cizgiromanokulu.org\/cr\/wp-content\/uploads\/2019\/03\/kayal-fabrikas\u0131-yaz\u0131-fehmi-demirba\u011f-5.jpeg\"><img loading=\"lazy\" decoding=\"async\" class=\"alignnone size-thumbnail wp-image-3538\" src=\"https:\/\/cizgiromanokulu.org\/cr\/wp-content\/uploads\/2019\/03\/kayal-fabrikas\u0131-yaz\u0131-fehmi-demirba\u011f-5-150x150.jpeg\" alt=\"\" width=\"150\" height=\"150\" srcset=\"https:\/\/cizgiromanokulu.org\/cr\/wp-content\/uploads\/2019\/03\/kayal-fabrikas\u0131-yaz\u0131-fehmi-demirba\u011f-5-150x150.jpeg 150w, https:\/\/cizgiromanokulu.org\/cr\/wp-content\/uploads\/2019\/03\/kayal-fabrikas\u0131-yaz\u0131-fehmi-demirba\u011f-5-50x50.jpeg 50w, https:\/\/cizgiromanokulu.org\/cr\/wp-content\/uploads\/2019\/03\/kayal-fabrikas\u0131-yaz\u0131-fehmi-demirba\u011f-5-100x100.jpeg 100w\" sizes=\"auto, (max-width: 150px) 100vw, 150px\" \/><\/a><\/p>\n<p><a href=\"https:\/\/cizgiromanokulu.org\/cr\/wp-content\/uploads\/2019\/03\/hayal-fabrikas\u0131-fehmi-demirba\u011f-9214.jpeg\">\u00a0<\/a><a href=\"https:\/\/cizgiromanokulu.org\/cr\/wp-content\/uploads\/2019\/03\/hayal-fabrikas\u0131-fehmi-demirba\u011f-9214.jpeg\"><img loading=\"lazy\" decoding=\"async\" class=\"alignnone wp-image-3533 size-thumbnail\" src=\"https:\/\/cizgiromanokulu.org\/cr\/wp-content\/uploads\/2019\/03\/hayal-fabrikas\u0131-fehmi-demirba\u011f-9214-e1638015811516-150x73.jpeg\" alt=\"\" width=\"150\" height=\"73\" \/><\/a><a href=\"https:\/\/cizgiromanokulu.org\/cr\/wp-content\/uploads\/2019\/03\/hayal-fabrikas\u0131-fehmi-demirba\u011f-8929.jpeg\">\u00a0<\/a><a href=\"https:\/\/cizgiromanokulu.org\/cr\/wp-content\/uploads\/2019\/03\/hayal-fabrikas\u0131-fehmi-demirba\u011f-8929.jpeg\"><img loading=\"lazy\" decoding=\"async\" class=\"alignnone wp-image-3532 size-thumbnail\" src=\"https:\/\/cizgiromanokulu.org\/cr\/wp-content\/uploads\/2019\/03\/hayal-fabrikas\u0131-fehmi-demirba\u011f-8929-e1638015853635-150x150.jpeg\" alt=\"\" width=\"150\" height=\"150\" srcset=\"https:\/\/cizgiromanokulu.org\/cr\/wp-content\/uploads\/2019\/03\/hayal-fabrikas\u0131-fehmi-demirba\u011f-8929-e1638015853635-150x150.jpeg 150w, https:\/\/cizgiromanokulu.org\/cr\/wp-content\/uploads\/2019\/03\/hayal-fabrikas\u0131-fehmi-demirba\u011f-8929-e1638015853635-300x300.jpeg 300w, https:\/\/cizgiromanokulu.org\/cr\/wp-content\/uploads\/2019\/03\/hayal-fabrikas\u0131-fehmi-demirba\u011f-8929-e1638015853635-768x768.jpeg 768w, https:\/\/cizgiromanokulu.org\/cr\/wp-content\/uploads\/2019\/03\/hayal-fabrikas\u0131-fehmi-demirba\u011f-8929-e1638015853635-50x50.jpeg 50w, https:\/\/cizgiromanokulu.org\/cr\/wp-content\/uploads\/2019\/03\/hayal-fabrikas\u0131-fehmi-demirba\u011f-8929-e1638015853635-100x100.jpeg 100w, https:\/\/cizgiromanokulu.org\/cr\/wp-content\/uploads\/2019\/03\/hayal-fabrikas\u0131-fehmi-demirba\u011f-8929-e1638015853635-624x624.jpeg 624w, https:\/\/cizgiromanokulu.org\/cr\/wp-content\/uploads\/2019\/03\/hayal-fabrikas\u0131-fehmi-demirba\u011f-8929-e1638015853635.jpeg 918w\" sizes=\"auto, (max-width: 150px) 100vw, 150px\" \/><\/a><a href=\"https:\/\/cizgiromanokulu.org\/cr\/wp-content\/uploads\/2019\/03\/hayal-fabrikas\u0131-fehmi-demirba\u011f-8760.jpeg\">\u00a0<\/a><a href=\"https:\/\/cizgiromanokulu.org\/cr\/wp-content\/uploads\/2019\/03\/hayal-fabrikas\u0131-fehmi-demirba\u011f-8760.jpeg\"><img loading=\"lazy\" decoding=\"async\" class=\"alignnone wp-image-3531 size-thumbnail\" src=\"https:\/\/cizgiromanokulu.org\/cr\/wp-content\/uploads\/2019\/03\/hayal-fabrikas\u0131-fehmi-demirba\u011f-8760-e1638017365513-150x150.jpeg\" alt=\"\" width=\"150\" height=\"150\" srcset=\"https:\/\/cizgiromanokulu.org\/cr\/wp-content\/uploads\/2019\/03\/hayal-fabrikas\u0131-fehmi-demirba\u011f-8760-e1638017365513-150x150.jpeg 150w, https:\/\/cizgiromanokulu.org\/cr\/wp-content\/uploads\/2019\/03\/hayal-fabrikas\u0131-fehmi-demirba\u011f-8760-e1638017365513-50x50.jpeg 50w, https:\/\/cizgiromanokulu.org\/cr\/wp-content\/uploads\/2019\/03\/hayal-fabrikas\u0131-fehmi-demirba\u011f-8760-e1638017365513-100x100.jpeg 100w\" sizes=\"auto, (max-width: 150px) 100vw, 150px\" \/><\/a><a href=\"https:\/\/cizgiromanokulu.org\/cr\/wp-content\/uploads\/2019\/03\/hayal-fabrikas\u0131-fehmi-demirba\u011f-8493.jpeg\">\u00a0<\/a><a href=\"https:\/\/cizgiromanokulu.org\/cr\/wp-content\/uploads\/2019\/03\/hayal-fabrikas\u0131-fehmi-demirba\u011f-8493.jpeg\"><img loading=\"lazy\" decoding=\"async\" class=\"alignnone wp-image-3530 size-thumbnail\" src=\"https:\/\/cizgiromanokulu.org\/cr\/wp-content\/uploads\/2019\/03\/hayal-fabrikas\u0131-fehmi-demirba\u011f-8493-e1638017390107-150x150.jpeg\" alt=\"\" width=\"150\" height=\"150\" srcset=\"https:\/\/cizgiromanokulu.org\/cr\/wp-content\/uploads\/2019\/03\/hayal-fabrikas\u0131-fehmi-demirba\u011f-8493-e1638017390107-150x150.jpeg 150w, https:\/\/cizgiromanokulu.org\/cr\/wp-content\/uploads\/2019\/03\/hayal-fabrikas\u0131-fehmi-demirba\u011f-8493-e1638017390107-300x300.jpeg 300w, https:\/\/cizgiromanokulu.org\/cr\/wp-content\/uploads\/2019\/03\/hayal-fabrikas\u0131-fehmi-demirba\u011f-8493-e1638017390107-50x50.jpeg 50w, https:\/\/cizgiromanokulu.org\/cr\/wp-content\/uploads\/2019\/03\/hayal-fabrikas\u0131-fehmi-demirba\u011f-8493-e1638017390107-100x100.jpeg 100w, https:\/\/cizgiromanokulu.org\/cr\/wp-content\/uploads\/2019\/03\/hayal-fabrikas\u0131-fehmi-demirba\u011f-8493-e1638017390107.jpeg 367w\" sizes=\"auto, (max-width: 150px) 100vw, 150px\" \/><\/a><a href=\"https:\/\/cizgiromanokulu.org\/cr\/wp-content\/uploads\/2019\/03\/hayal-fabrikas\u0131-fehmi-demirba\u011f-8225.jpeg\">\u00a0<\/a><a href=\"https:\/\/cizgiromanokulu.org\/cr\/wp-content\/uploads\/2019\/03\/hayal-fabrikas\u0131-fehmi-demirba\u011f-8225.jpeg\"><img loading=\"lazy\" decoding=\"async\" class=\"alignnone wp-image-3529 size-thumbnail\" src=\"https:\/\/cizgiromanokulu.org\/cr\/wp-content\/uploads\/2019\/03\/hayal-fabrikas\u0131-fehmi-demirba\u011f-8225-e1638017419696-150x150.jpeg\" alt=\"\" width=\"150\" height=\"150\" srcset=\"https:\/\/cizgiromanokulu.org\/cr\/wp-content\/uploads\/2019\/03\/hayal-fabrikas\u0131-fehmi-demirba\u011f-8225-e1638017419696-150x150.jpeg 150w, https:\/\/cizgiromanokulu.org\/cr\/wp-content\/uploads\/2019\/03\/hayal-fabrikas\u0131-fehmi-demirba\u011f-8225-e1638017419696-50x50.jpeg 50w, https:\/\/cizgiromanokulu.org\/cr\/wp-content\/uploads\/2019\/03\/hayal-fabrikas\u0131-fehmi-demirba\u011f-8225-e1638017419696-100x100.jpeg 100w\" sizes=\"auto, (max-width: 150px) 100vw, 150px\" \/><\/a><a href=\"https:\/\/cizgiromanokulu.org\/cr\/wp-content\/uploads\/2019\/03\/hayal-fabrikas\u0131-fehmi-demirba\u011f-7117.jpeg\">\u00a0<\/a><a href=\"https:\/\/cizgiromanokulu.org\/cr\/wp-content\/uploads\/2019\/03\/hayal-fabrikas\u0131-fehmi-demirba\u011f-7117.jpeg\"><img loading=\"lazy\" decoding=\"async\" class=\"alignnone wp-image-3528 size-thumbnail\" src=\"https:\/\/cizgiromanokulu.org\/cr\/wp-content\/uploads\/2019\/03\/hayal-fabrikas\u0131-fehmi-demirba\u011f-7117-e1638017449541-150x150.jpeg\" alt=\"\" width=\"150\" height=\"150\" srcset=\"https:\/\/cizgiromanokulu.org\/cr\/wp-content\/uploads\/2019\/03\/hayal-fabrikas\u0131-fehmi-demirba\u011f-7117-e1638017449541-150x150.jpeg 150w, https:\/\/cizgiromanokulu.org\/cr\/wp-content\/uploads\/2019\/03\/hayal-fabrikas\u0131-fehmi-demirba\u011f-7117-e1638017449541-50x50.jpeg 50w, https:\/\/cizgiromanokulu.org\/cr\/wp-content\/uploads\/2019\/03\/hayal-fabrikas\u0131-fehmi-demirba\u011f-7117-e1638017449541-100x100.jpeg 100w\" sizes=\"auto, (max-width: 150px) 100vw, 150px\" \/><\/a><a href=\"https:\/\/cizgiromanokulu.org\/cr\/wp-content\/uploads\/2019\/03\/hayal-fabrikas\u0131-fehmi-demirba\u011f-5851.jpeg\">\u00a0<\/a><a href=\"https:\/\/cizgiromanokulu.org\/cr\/wp-content\/uploads\/2019\/03\/hayal-fabrikas\u0131-fehmi-demirba\u011f-5851.jpeg\"><img loading=\"lazy\" decoding=\"async\" class=\"alignnone wp-image-3527 size-thumbnail\" src=\"https:\/\/cizgiromanokulu.org\/cr\/wp-content\/uploads\/2019\/03\/hayal-fabrikas\u0131-fehmi-demirba\u011f-5851-e1638017473235-150x150.jpeg\" alt=\"\" width=\"150\" height=\"150\" srcset=\"https:\/\/cizgiromanokulu.org\/cr\/wp-content\/uploads\/2019\/03\/hayal-fabrikas\u0131-fehmi-demirba\u011f-5851-e1638017473235-150x150.jpeg 150w, https:\/\/cizgiromanokulu.org\/cr\/wp-content\/uploads\/2019\/03\/hayal-fabrikas\u0131-fehmi-demirba\u011f-5851-e1638017473235-50x50.jpeg 50w, https:\/\/cizgiromanokulu.org\/cr\/wp-content\/uploads\/2019\/03\/hayal-fabrikas\u0131-fehmi-demirba\u011f-5851-e1638017473235-100x100.jpeg 100w\" sizes=\"auto, (max-width: 150px) 100vw, 150px\" \/><\/a><a href=\"https:\/\/cizgiromanokulu.org\/cr\/wp-content\/uploads\/2019\/03\/hayal-fabrikas\u0131-fehmi-demirba\u011f-5377.jpeg\">\u00a0<\/a><a href=\"https:\/\/cizgiromanokulu.org\/cr\/wp-content\/uploads\/2019\/03\/hayal-fabrikas\u0131-fehmi-demirba\u011f-5377.jpeg\"><img loading=\"lazy\" decoding=\"async\" class=\"alignnone wp-image-3526 size-thumbnail\" src=\"https:\/\/cizgiromanokulu.org\/cr\/wp-content\/uploads\/2019\/03\/hayal-fabrikas\u0131-fehmi-demirba\u011f-5377-e1638017498792-150x150.jpeg\" alt=\"\" width=\"150\" height=\"150\" srcset=\"https:\/\/cizgiromanokulu.org\/cr\/wp-content\/uploads\/2019\/03\/hayal-fabrikas\u0131-fehmi-demirba\u011f-5377-e1638017498792-150x150.jpeg 150w, https:\/\/cizgiromanokulu.org\/cr\/wp-content\/uploads\/2019\/03\/hayal-fabrikas\u0131-fehmi-demirba\u011f-5377-e1638017498792-50x50.jpeg 50w, https:\/\/cizgiromanokulu.org\/cr\/wp-content\/uploads\/2019\/03\/hayal-fabrikas\u0131-fehmi-demirba\u011f-5377-e1638017498792-100x100.jpeg 100w\" sizes=\"auto, (max-width: 150px) 100vw, 150px\" \/><\/a><a href=\"https:\/\/cizgiromanokulu.org\/cr\/wp-content\/uploads\/2019\/03\/hayal-fabrikas\u0131-fehmi-demirba\u011f-5292.jpeg\">\u00a0<\/a><a href=\"https:\/\/cizgiromanokulu.org\/cr\/wp-content\/uploads\/2019\/03\/hayal-fabrikas\u0131-fehmi-demirba\u011f-5292.jpeg\"><img loading=\"lazy\" decoding=\"async\" class=\"alignnone wp-image-3525 size-thumbnail\" src=\"https:\/\/cizgiromanokulu.org\/cr\/wp-content\/uploads\/2019\/03\/hayal-fabrikas\u0131-fehmi-demirba\u011f-5292-e1638017601536-150x150.jpeg\" alt=\"\" width=\"150\" height=\"150\" srcset=\"https:\/\/cizgiromanokulu.org\/cr\/wp-content\/uploads\/2019\/03\/hayal-fabrikas\u0131-fehmi-demirba\u011f-5292-e1638017601536-150x150.jpeg 150w, https:\/\/cizgiromanokulu.org\/cr\/wp-content\/uploads\/2019\/03\/hayal-fabrikas\u0131-fehmi-demirba\u011f-5292-e1638017601536-50x50.jpeg 50w, https:\/\/cizgiromanokulu.org\/cr\/wp-content\/uploads\/2019\/03\/hayal-fabrikas\u0131-fehmi-demirba\u011f-5292-e1638017601536-100x100.jpeg 100w\" sizes=\"auto, (max-width: 150px) 100vw, 150px\" \/><\/a><a href=\"https:\/\/cizgiromanokulu.org\/cr\/wp-content\/uploads\/2019\/03\/hayal-fabrikas\u0131-fehmi-demirba\u011f-1964.jpeg\"><img loading=\"lazy\" decoding=\"async\" class=\"alignnone wp-image-3524 size-thumbnail\" src=\"https:\/\/cizgiromanokulu.org\/cr\/wp-content\/uploads\/2019\/03\/hayal-fabrikas\u0131-fehmi-demirba\u011f-1964-e1638017625653-150x150.jpeg\" alt=\"\" width=\"150\" height=\"150\" srcset=\"https:\/\/cizgiromanokulu.org\/cr\/wp-content\/uploads\/2019\/03\/hayal-fabrikas\u0131-fehmi-demirba\u011f-1964-e1638017625653-150x150.jpeg 150w, https:\/\/cizgiromanokulu.org\/cr\/wp-content\/uploads\/2019\/03\/hayal-fabrikas\u0131-fehmi-demirba\u011f-1964-e1638017625653-50x50.jpeg 50w, https:\/\/cizgiromanokulu.org\/cr\/wp-content\/uploads\/2019\/03\/hayal-fabrikas\u0131-fehmi-demirba\u011f-1964-e1638017625653-100x100.jpeg 100w\" sizes=\"auto, (max-width: 150px) 100vw, 150px\" \/><\/a>\u00a0<a href=\"https:\/\/cizgiromanokulu.org\/cr\/wp-content\/uploads\/2015\/04\/genclik-varsa-gelecek-var_fehmi-demirba\u011f-seminer.jpg\"><img loading=\"lazy\" decoding=\"async\" class=\"alignnone size-thumbnail wp-image-3497\" src=\"https:\/\/cizgiromanokulu.org\/cr\/wp-content\/uploads\/2015\/04\/genclik-varsa-gelecek-var_fehmi-demirba\u011f-seminer-150x150.jpg\" alt=\"\" width=\"150\" height=\"150\" srcset=\"https:\/\/cizgiromanokulu.org\/cr\/wp-content\/uploads\/2015\/04\/genclik-varsa-gelecek-var_fehmi-demirba\u011f-seminer-150x150.jpg 150w, https:\/\/cizgiromanokulu.org\/cr\/wp-content\/uploads\/2015\/04\/genclik-varsa-gelecek-var_fehmi-demirba\u011f-seminer-50x50.jpg 50w, https:\/\/cizgiromanokulu.org\/cr\/wp-content\/uploads\/2015\/04\/genclik-varsa-gelecek-var_fehmi-demirba\u011f-seminer-100x100.jpg 100w\" sizes=\"auto, (max-width: 150px) 100vw, 150px\" \/><\/a><\/p>\n<p>&nbsp;<\/p>\n","protected":false},"excerpt":{"rendered":"<p>B\u00dcY\u00dcK\u00c7EKMECE \u0130l\u00e7e Milli E\u011fitim M\u00fcd\u00fcrl\u00fc\u011f\u00fc ve Ye\u015filay \u015eubesinin ortakla\u015fa d\u00fczenledi\u011fi Fehmi Demirba\u011f&#8217;\u0131n Hayal Fabrikas\u0131 projesinde \u00f6d\u00fcller sahiplerini buldu! Sevgili Gen\u00e7ler; Ki\u015fi, ne denli bilgili olursa olsun, belle\u011fine g\u00fcvenmemelidir. \u00c7\u00fcnk\u00fc, zamanla bir\u00e7ok \u015fey unutulabilir. Bu nedenle, unutulmamas\u0131 gereken \u015feyler, yaz\u0131ya ge\u00e7irilmelidir. Yaz\u0131n\u0131n bulunmas\u0131, insanl\u0131k i\u00e7in \u00e7ok b\u00fcy\u00fck bir devrim olmu\u015ftur. S\u00f6zl\u00fc olarak aktar\u0131lan bilgiler, kulaktan kula\u011fa [&hellip;]<\/p>\n","protected":false},"author":1,"featured_media":0,"parent":0,"menu_order":0,"comment_status":"closed","ping_status":"closed","template":"","meta":{"footnotes":""},"class_list":["post-3519","page","type-page","status-publish","hentry"],"_links":{"self":[{"href":"https:\/\/cizgiromanokulu.org\/cr\/wp-json\/wp\/v2\/pages\/3519","targetHints":{"allow":["GET"]}}],"collection":[{"href":"https:\/\/cizgiromanokulu.org\/cr\/wp-json\/wp\/v2\/pages"}],"about":[{"href":"https:\/\/cizgiromanokulu.org\/cr\/wp-json\/wp\/v2\/types\/page"}],"author":[{"embeddable":true,"href":"https:\/\/cizgiromanokulu.org\/cr\/wp-json\/wp\/v2\/users\/1"}],"replies":[{"embeddable":true,"href":"https:\/\/cizgiromanokulu.org\/cr\/wp-json\/wp\/v2\/comments?post=3519"}],"version-history":[{"count":6,"href":"https:\/\/cizgiromanokulu.org\/cr\/wp-json\/wp\/v2\/pages\/3519\/revisions"}],"predecessor-version":[{"id":4386,"href":"https:\/\/cizgiromanokulu.org\/cr\/wp-json\/wp\/v2\/pages\/3519\/revisions\/4386"}],"wp:attachment":[{"href":"https:\/\/cizgiromanokulu.org\/cr\/wp-json\/wp\/v2\/media?parent=3519"}],"curies":[{"name":"wp","href":"https:\/\/api.w.org\/{rel}","templated":true}]}}