{"id":3501,"date":"2019-03-21T18:34:48","date_gmt":"2019-03-21T15:34:48","guid":{"rendered":"http:\/\/cizgiromanokulu.org\/cr\/?page_id=3501"},"modified":"2022-02-08T20:04:33","modified_gmt":"2022-02-08T17:04:33","slug":"erdemli-genclik","status":"publish","type":"page","link":"https:\/\/cizgiromanokulu.org\/cr\/erdemli-genclik\/","title":{"rendered":"Erdemli Gen\u00e7lik"},"content":{"rendered":"<p>Fehmi Demirba\u011f; \u0130stanbul B\u00fcy\u00fck\u015fehir Belediyesi ve Ye\u015filay\u00a0 ile ger\u00e7ekle\u015ftirilen\u00a0<strong>Erdemli Gen\u00e7lik Seminerleri<\/strong>\u00a0ile onlarca okul dola\u015farak s\u00f6yle\u015filer yapm\u0131\u015f,\u00a0<strong>Hayal Fabrikas\u0131, Bu Kitab\u0131n Yazar\u0131 Siz Olabilirsiniz, 90 Dakikada Siz de Yazar Olabilirsiniz seminerleri\u00a0<\/strong>ile binlerce gence ula\u015fm\u0131\u015ft\u0131r.<\/p>\n<p><iframe loading=\"lazy\" src=\"https:\/\/www.youtube.com\/embed\/KUu8pF6fhrw\" width=\"560\" height=\"315\" frameborder=\"0\" align=\"center\" allowfullscreen=\"allowfullscreen\"><span data-mce-type=\"bookmark\" style=\"display: inline-block; width: 0px; overflow: hidden; line-height: 0;\" class=\"mce_SELRES_start\">\ufeff<\/span><span data-mce-type=\"bookmark\" style=\"display: inline-block; width: 0px; overflow: hidden; line-height: 0;\" class=\"mce_SELRES_start\">\ufeff<\/span><span data-mce-type=\"bookmark\" style=\"display: inline-block; width: 0px; overflow: hidden; line-height: 0;\" class=\"mce_SELRES_start\">\ufeff<\/span><span data-mce-type=\"bookmark\" style=\"display: inline-block; width: 0px; overflow: hidden; line-height: 0;\" class=\"mce_SELRES_start\">\ufeff<\/span><\/iframe><\/p>\n<p><iframe loading=\"lazy\" src=\"https:\/\/www.youtube.com\/embed\/0R1EaB9BAYU\" width=\"560\" height=\"315\" frameborder=\"0\" allowfullscreen=\"allowfullscreen\"><span data-mce-type=\"bookmark\" style=\"display: inline-block; width: 0px; overflow: hidden; line-height: 0;\" class=\"mce_SELRES_start\">\ufeff<\/span><\/iframe><\/p>\n<p style=\"text-align: center;\"><strong>REFERANSLAR<\/strong><\/p>\n<p><a href=\"https:\/\/cizgiromanokulu.org\/cr\/wp-content\/uploads\/2019\/04\/genclik-spor-bakanl\u0131\u011f\u0131.jpg\"><img loading=\"lazy\" decoding=\"async\" class=\"alignnone wp-image-8566 size-full\" src=\"https:\/\/cizgiromanokulu.org\/cr\/wp-content\/uploads\/2022\/02\/genclik-spor-bakanligi-150x150-1.jpg\" alt=\"\" width=\"150\" height=\"150\" srcset=\"https:\/\/cizgiromanokulu.org\/cr\/wp-content\/uploads\/2022\/02\/genclik-spor-bakanligi-150x150-1.jpg 150w, https:\/\/cizgiromanokulu.org\/cr\/wp-content\/uploads\/2022\/02\/genclik-spor-bakanligi-150x150-1-50x50.jpg 50w, https:\/\/cizgiromanokulu.org\/cr\/wp-content\/uploads\/2022\/02\/genclik-spor-bakanligi-150x150-1-100x100.jpg 100w\" sizes=\"auto, (max-width: 150px) 100vw, 150px\" \/><\/a><a href=\"https:\/\/cizgiromanokulu.org\/cr\/wp-content\/uploads\/2019\/04\/milli-e\u011fitim-bakanl\u0131\u011f\u0131.jpg\"><img loading=\"lazy\" decoding=\"async\" class=\"alignnone wp-image-8567 size-medium\" src=\"https:\/\/cizgiromanokulu.org\/cr\/wp-content\/uploads\/2022\/02\/milli-egitim-bakanligi-300x170.jpg\" alt=\"\" width=\"300\" height=\"170\" srcset=\"https:\/\/cizgiromanokulu.org\/cr\/wp-content\/uploads\/2022\/02\/milli-egitim-bakanligi-300x170.jpg 300w, https:\/\/cizgiromanokulu.org\/cr\/wp-content\/uploads\/2022\/02\/milli-egitim-bakanligi-768x434.jpg 768w, https:\/\/cizgiromanokulu.org\/cr\/wp-content\/uploads\/2022\/02\/milli-egitim-bakanligi-624x353.jpg 624w, https:\/\/cizgiromanokulu.org\/cr\/wp-content\/uploads\/2022\/02\/milli-egitim-bakanligi.jpg 810w\" sizes=\"auto, (max-width: 300px) 100vw, 300px\" \/><\/a><a href=\"https:\/\/cizgiromanokulu.org\/cr\/wp-content\/uploads\/2019\/04\/tokat-valili\u011fi.jpg\"><img loading=\"lazy\" decoding=\"async\" class=\"alignnone wp-image-8568 size-medium\" src=\"https:\/\/cizgiromanokulu.org\/cr\/wp-content\/uploads\/2022\/02\/tokat-valiligi-300x131.jpg\" alt=\"\" width=\"300\" height=\"131\" srcset=\"https:\/\/cizgiromanokulu.org\/cr\/wp-content\/uploads\/2022\/02\/tokat-valiligi-300x131.jpg 300w, https:\/\/cizgiromanokulu.org\/cr\/wp-content\/uploads\/2022\/02\/tokat-valiligi-1024x448.jpg 1024w, https:\/\/cizgiromanokulu.org\/cr\/wp-content\/uploads\/2022\/02\/tokat-valiligi-768x336.jpg 768w, https:\/\/cizgiromanokulu.org\/cr\/wp-content\/uploads\/2022\/02\/tokat-valiligi-624x273.jpg 624w, https:\/\/cizgiromanokulu.org\/cr\/wp-content\/uploads\/2022\/02\/tokat-valiligi.jpg 1149w\" sizes=\"auto, (max-width: 300px) 100vw, 300px\" \/><\/a><a href=\"https:\/\/cizgiromanokulu.org\/cr\/wp-content\/uploads\/2019\/04\/milli-e\u011fitim-bakanl\u0131\u011f\u0131.jpg\">\u00a0\u00a0<\/a><a href=\"https:\/\/cizgiromanokulu.org\/cr\/wp-content\/uploads\/2019\/04\/yozat-valili\u011fi.jpg\"><img loading=\"lazy\" decoding=\"async\" class=\"alignnone wp-image-8569 \" src=\"https:\/\/cizgiromanokulu.org\/cr\/wp-content\/uploads\/2022\/02\/yozat-valiligi-300x300.jpg\" alt=\"\" width=\"156\" height=\"156\" srcset=\"https:\/\/cizgiromanokulu.org\/cr\/wp-content\/uploads\/2022\/02\/yozat-valiligi-300x300.jpg 300w, https:\/\/cizgiromanokulu.org\/cr\/wp-content\/uploads\/2022\/02\/yozat-valiligi-150x150.jpg 150w, https:\/\/cizgiromanokulu.org\/cr\/wp-content\/uploads\/2022\/02\/yozat-valiligi-50x50.jpg 50w, https:\/\/cizgiromanokulu.org\/cr\/wp-content\/uploads\/2022\/02\/yozat-valiligi-100x100.jpg 100w, https:\/\/cizgiromanokulu.org\/cr\/wp-content\/uploads\/2022\/02\/yozat-valiligi.jpg 400w\" sizes=\"auto, (max-width: 156px) 100vw, 156px\" \/><\/a><a href=\"https:\/\/cizgiromanokulu.org\/cr\/wp-content\/uploads\/2019\/04\/ye\u015filay.jpg\"><img loading=\"lazy\" decoding=\"async\" class=\"alignnone wp-image-8570 \" src=\"https:\/\/cizgiromanokulu.org\/cr\/wp-content\/uploads\/2022\/02\/yesilay-300x300.jpg\" alt=\"\" width=\"146\" height=\"146\" srcset=\"https:\/\/cizgiromanokulu.org\/cr\/wp-content\/uploads\/2022\/02\/yesilay-300x300.jpg 300w, https:\/\/cizgiromanokulu.org\/cr\/wp-content\/uploads\/2022\/02\/yesilay-150x150.jpg 150w, https:\/\/cizgiromanokulu.org\/cr\/wp-content\/uploads\/2022\/02\/yesilay-50x50.jpg 50w, https:\/\/cizgiromanokulu.org\/cr\/wp-content\/uploads\/2022\/02\/yesilay-100x100.jpg 100w, https:\/\/cizgiromanokulu.org\/cr\/wp-content\/uploads\/2022\/02\/yesilay.jpg 400w\" sizes=\"auto, (max-width: 146px) 100vw, 146px\" \/><\/a><\/p>\n<p><img loading=\"lazy\" decoding=\"async\" class=\"alignnone size-thumbnail wp-image-3474\" src=\"https:\/\/cizgiromanokulu.org\/cr\/wp-content\/uploads\/2019\/02\/ibb-\u00e7izgi-roman-okulu-150x150.jpg\" alt=\"\" width=\"150\" height=\"150\" srcset=\"https:\/\/cizgiromanokulu.org\/cr\/wp-content\/uploads\/2019\/02\/ibb-\u00e7izgi-roman-okulu-150x150.jpg 150w, https:\/\/cizgiromanokulu.org\/cr\/wp-content\/uploads\/2019\/02\/ibb-\u00e7izgi-roman-okulu-300x300.jpg 300w, https:\/\/cizgiromanokulu.org\/cr\/wp-content\/uploads\/2019\/02\/ibb-\u00e7izgi-roman-okulu-100x100.jpg 100w, https:\/\/cizgiromanokulu.org\/cr\/wp-content\/uploads\/2019\/02\/ibb-\u00e7izgi-roman-okulu-50x50.jpg 50w\" sizes=\"auto, (max-width: 150px) 100vw, 150px\" \/>\u00a0<a href=\"https:\/\/cizgiromanokulu.org\/cr\/wp-content\/uploads\/2019\/03\/sancaktepe-\u00e7izgi-roman-okulu-.jpg\"><img loading=\"lazy\" decoding=\"async\" class=\"alignnone wp-image-8571 \" src=\"https:\/\/cizgiromanokulu.org\/cr\/wp-content\/uploads\/2022\/02\/sancaktepe-cizgi-roman-okulu--200x300.jpg\" alt=\"\" width=\"106\" height=\"159\" srcset=\"https:\/\/cizgiromanokulu.org\/cr\/wp-content\/uploads\/2022\/02\/sancaktepe-cizgi-roman-okulu--200x300.jpg 200w, https:\/\/cizgiromanokulu.org\/cr\/wp-content\/uploads\/2022\/02\/sancaktepe-cizgi-roman-okulu-.jpg 526w\" sizes=\"auto, (max-width: 106px) 100vw, 106px\" \/><\/a><a href=\"https:\/\/cizgiromanokulu.org\/cr\/wp-content\/uploads\/2019\/02\/tuzla-belediyesi-\u00e7izgi-roman-okulu.jpg\"><img loading=\"lazy\" decoding=\"async\" class=\"alignnone size-thumbnail wp-image-3475\" src=\"https:\/\/cizgiromanokulu.org\/cr\/wp-content\/uploads\/2019\/02\/tuzla-belediyesi-\u00e7izgi-roman-okulu-150x150.jpg\" alt=\"\" width=\"150\" height=\"150\" srcset=\"https:\/\/cizgiromanokulu.org\/cr\/wp-content\/uploads\/2019\/02\/tuzla-belediyesi-\u00e7izgi-roman-okulu-150x150.jpg 150w, https:\/\/cizgiromanokulu.org\/cr\/wp-content\/uploads\/2019\/02\/tuzla-belediyesi-\u00e7izgi-roman-okulu-100x100.jpg 100w, https:\/\/cizgiromanokulu.org\/cr\/wp-content\/uploads\/2019\/02\/tuzla-belediyesi-\u00e7izgi-roman-okulu-50x50.jpg 50w, https:\/\/cizgiromanokulu.org\/cr\/wp-content\/uploads\/2019\/02\/tuzla-belediyesi-\u00e7izgi-roman-okulu.jpg 260w\" sizes=\"auto, (max-width: 150px) 100vw, 150px\" \/><\/a>\u00a0<a href=\"https:\/\/cizgiromanokulu.org\/cr\/wp-content\/uploads\/2019\/04\/sultanbeyli-belediyesi.jpg\"><img loading=\"lazy\" decoding=\"async\" class=\"alignnone wp-image-3573 \" src=\"https:\/\/cizgiromanokulu.org\/cr\/wp-content\/uploads\/2019\/04\/sultanbeyli-belediyesi.jpg\" alt=\"\" width=\"120\" height=\"142\" \/><\/a>\u00a0<a href=\"https:\/\/cizgiromanokulu.org\/cr\/wp-content\/uploads\/2019\/04\/sultangazi-belediyesi.jpg\"><img loading=\"lazy\" decoding=\"async\" class=\"alignnone size-thumbnail wp-image-3553\" src=\"https:\/\/cizgiromanokulu.org\/cr\/wp-content\/uploads\/2019\/04\/sultangazi-belediyesi-150x150.jpg\" alt=\"\" width=\"150\" height=\"150\" srcset=\"https:\/\/cizgiromanokulu.org\/cr\/wp-content\/uploads\/2019\/04\/sultangazi-belediyesi-150x150.jpg 150w, https:\/\/cizgiromanokulu.org\/cr\/wp-content\/uploads\/2019\/04\/sultangazi-belediyesi-300x300.jpg 300w, https:\/\/cizgiromanokulu.org\/cr\/wp-content\/uploads\/2019\/04\/sultangazi-belediyesi-100x100.jpg 100w, https:\/\/cizgiromanokulu.org\/cr\/wp-content\/uploads\/2019\/04\/sultangazi-belediyesi-50x50.jpg 50w, https:\/\/cizgiromanokulu.org\/cr\/wp-content\/uploads\/2019\/04\/sultangazi-belediyesi.jpg 400w\" sizes=\"auto, (max-width: 150px) 100vw, 150px\" \/><\/a><\/p>\n<p><a href=\"https:\/\/cizgiromanokulu.org\/cr\/wp-content\/uploads\/2019\/04\/ba\u011fc\u0131lar-belediyesi.jpeg\"><img loading=\"lazy\" decoding=\"async\" class=\"alignnone wp-image-8572 \" src=\"https:\/\/cizgiromanokulu.org\/cr\/wp-content\/uploads\/2022\/02\/bagcilar-belediyesi-300x225.jpeg\" alt=\"\" width=\"184\" height=\"137\" srcset=\"https:\/\/cizgiromanokulu.org\/cr\/wp-content\/uploads\/2022\/02\/bagcilar-belediyesi-300x225.jpeg 300w, https:\/\/cizgiromanokulu.org\/cr\/wp-content\/uploads\/2022\/02\/bagcilar-belediyesi-768x576.jpeg 768w, https:\/\/cizgiromanokulu.org\/cr\/wp-content\/uploads\/2022\/02\/bagcilar-belediyesi-624x468.jpeg 624w, https:\/\/cizgiromanokulu.org\/cr\/wp-content\/uploads\/2022\/02\/bagcilar-belediyesi.jpeg 800w\" sizes=\"auto, (max-width: 184px) 100vw, 184px\" \/><\/a>\u00a0<a href=\"https:\/\/cizgiromanokulu.org\/cr\/wp-content\/uploads\/2019\/04\/esenler-belediye.jpg\"><img loading=\"lazy\" decoding=\"async\" class=\"alignnone size-thumbnail wp-image-3561\" src=\"https:\/\/cizgiromanokulu.org\/cr\/wp-content\/uploads\/2019\/04\/esenler-belediye-150x150.jpg\" alt=\"\" width=\"150\" height=\"150\" srcset=\"https:\/\/cizgiromanokulu.org\/cr\/wp-content\/uploads\/2019\/04\/esenler-belediye-150x150.jpg 150w, https:\/\/cizgiromanokulu.org\/cr\/wp-content\/uploads\/2019\/04\/esenler-belediye-300x300.jpg 300w, https:\/\/cizgiromanokulu.org\/cr\/wp-content\/uploads\/2019\/04\/esenler-belediye-100x100.jpg 100w, https:\/\/cizgiromanokulu.org\/cr\/wp-content\/uploads\/2019\/04\/esenler-belediye-50x50.jpg 50w, https:\/\/cizgiromanokulu.org\/cr\/wp-content\/uploads\/2019\/04\/esenler-belediye.jpg 400w\" sizes=\"auto, (max-width: 150px) 100vw, 150px\" \/><\/a>\u00a0<a href=\"https:\/\/cizgiromanokulu.org\/cr\/wp-content\/uploads\/2019\/04\/g\u00fcng\u00f6ren-belediyesi.jpg\"><img loading=\"lazy\" decoding=\"async\" class=\"alignnone wp-image-8573 \" src=\"https:\/\/cizgiromanokulu.org\/cr\/wp-content\/uploads\/2022\/02\/gungoren-belediyesi-300x300.jpg\" alt=\"\" width=\"130\" height=\"130\" srcset=\"https:\/\/cizgiromanokulu.org\/cr\/wp-content\/uploads\/2022\/02\/gungoren-belediyesi-300x300.jpg 300w, https:\/\/cizgiromanokulu.org\/cr\/wp-content\/uploads\/2022\/02\/gungoren-belediyesi-150x150.jpg 150w, https:\/\/cizgiromanokulu.org\/cr\/wp-content\/uploads\/2022\/02\/gungoren-belediyesi-50x50.jpg 50w, https:\/\/cizgiromanokulu.org\/cr\/wp-content\/uploads\/2022\/02\/gungoren-belediyesi-100x100.jpg 100w, https:\/\/cizgiromanokulu.org\/cr\/wp-content\/uploads\/2022\/02\/gungoren-belediyesi.jpg 400w\" sizes=\"auto, (max-width: 130px) 100vw, 130px\" \/><\/a>\u00a0<a href=\"https:\/\/cizgiromanokulu.org\/cr\/wp-content\/uploads\/2019\/04\/ka\u011f\u0131thane-belediyesi.jpg\"><img loading=\"lazy\" decoding=\"async\" class=\"alignnone wp-image-8574 \" src=\"https:\/\/cizgiromanokulu.org\/cr\/wp-content\/uploads\/2022\/02\/kagithane-belediyesi-300x300.jpg\" alt=\"\" width=\"143\" height=\"143\" srcset=\"https:\/\/cizgiromanokulu.org\/cr\/wp-content\/uploads\/2022\/02\/kagithane-belediyesi-300x300.jpg 300w, https:\/\/cizgiromanokulu.org\/cr\/wp-content\/uploads\/2022\/02\/kagithane-belediyesi-1024x1024.jpg 1024w, https:\/\/cizgiromanokulu.org\/cr\/wp-content\/uploads\/2022\/02\/kagithane-belediyesi-150x150.jpg 150w, https:\/\/cizgiromanokulu.org\/cr\/wp-content\/uploads\/2022\/02\/kagithane-belediyesi-768x768.jpg 768w, https:\/\/cizgiromanokulu.org\/cr\/wp-content\/uploads\/2022\/02\/kagithane-belediyesi-1536x1536.jpg 1536w, https:\/\/cizgiromanokulu.org\/cr\/wp-content\/uploads\/2022\/02\/kagithane-belediyesi-50x50.jpg 50w, https:\/\/cizgiromanokulu.org\/cr\/wp-content\/uploads\/2022\/02\/kagithane-belediyesi-100x100.jpg 100w, https:\/\/cizgiromanokulu.org\/cr\/wp-content\/uploads\/2022\/02\/kagithane-belediyesi-624x624.jpg 624w, https:\/\/cizgiromanokulu.org\/cr\/wp-content\/uploads\/2022\/02\/kagithane-belediyesi.jpg 1791w\" sizes=\"auto, (max-width: 143px) 100vw, 143px\" \/><\/a>\u00a0<a href=\"https:\/\/cizgiromanokulu.org\/cr\/wp-content\/uploads\/2019\/04\/kucukcekmece.png\"><img loading=\"lazy\" decoding=\"async\" class=\"alignnone wp-image-3567 size-full\" src=\"https:\/\/cizgiromanokulu.org\/cr\/wp-content\/uploads\/2019\/04\/kucukcekmece.png\" alt=\"\" width=\"203\" height=\"68\" \/><\/a><\/p>\n<p><a href=\"https:\/\/cizgiromanokulu.org\/cr\/wp-content\/uploads\/2019\/04\/y\u0131ld\u0131z-teknik-logo.png\"><img loading=\"lazy\" decoding=\"async\" class=\"alignnone wp-image-8575 \" src=\"https:\/\/cizgiromanokulu.org\/cr\/wp-content\/uploads\/2022\/02\/yildiz-teknik-logo-282x300.png\" alt=\"\" width=\"137\" height=\"146\" srcset=\"https:\/\/cizgiromanokulu.org\/cr\/wp-content\/uploads\/2022\/02\/yildiz-teknik-logo-282x300.png 282w, https:\/\/cizgiromanokulu.org\/cr\/wp-content\/uploads\/2022\/02\/yildiz-teknik-logo-961x1024.png 961w, https:\/\/cizgiromanokulu.org\/cr\/wp-content\/uploads\/2022\/02\/yildiz-teknik-logo-768x818.png 768w, https:\/\/cizgiromanokulu.org\/cr\/wp-content\/uploads\/2022\/02\/yildiz-teknik-logo-1442x1536.png 1442w, https:\/\/cizgiromanokulu.org\/cr\/wp-content\/uploads\/2022\/02\/yildiz-teknik-logo-624x665.png 624w, https:\/\/cizgiromanokulu.org\/cr\/wp-content\/uploads\/2022\/02\/yildiz-teknik-logo.png 1673w\" sizes=\"auto, (max-width: 137px) 100vw, 137px\" \/><\/a>\u00a0<a href=\"https:\/\/cizgiromanokulu.org\/cr\/wp-content\/uploads\/2019\/04\/\u015feyh-edebali-\u00fcniversitesi.jpg\">\u00a0<\/a><a href=\"https:\/\/cizgiromanokulu.org\/cr\/wp-content\/uploads\/2019\/04\/\u015feyh-edebali-\u00fcniversitesi.jpg\"><img loading=\"lazy\" decoding=\"async\" class=\"alignnone wp-image-8576 \" src=\"https:\/\/cizgiromanokulu.org\/cr\/wp-content\/uploads\/2022\/02\/seyh-edebali-universitesi-300x300.jpg\" alt=\"\" width=\"119\" height=\"118\" srcset=\"https:\/\/cizgiromanokulu.org\/cr\/wp-content\/uploads\/2022\/02\/seyh-edebali-universitesi-300x300.jpg 300w, https:\/\/cizgiromanokulu.org\/cr\/wp-content\/uploads\/2022\/02\/seyh-edebali-universitesi-150x150.jpg 150w, https:\/\/cizgiromanokulu.org\/cr\/wp-content\/uploads\/2022\/02\/seyh-edebali-universitesi-50x50.jpg 50w, https:\/\/cizgiromanokulu.org\/cr\/wp-content\/uploads\/2022\/02\/seyh-edebali-universitesi-100x100.jpg 100w, https:\/\/cizgiromanokulu.org\/cr\/wp-content\/uploads\/2022\/02\/seyh-edebali-universitesi.jpg 400w\" sizes=\"auto, (max-width: 119px) 100vw, 119px\" \/><\/a><a href=\"https:\/\/cizgiromanokulu.org\/cr\/wp-content\/uploads\/2019\/04\/maltepe-\u00fcniversitesi.png\"><img loading=\"lazy\" decoding=\"async\" class=\"alignnone wp-image-8577 size-medium\" src=\"https:\/\/cizgiromanokulu.org\/cr\/wp-content\/uploads\/2022\/02\/maltepe-universitesi-300x85.png\" alt=\"\" width=\"300\" height=\"85\" srcset=\"https:\/\/cizgiromanokulu.org\/cr\/wp-content\/uploads\/2022\/02\/maltepe-universitesi-300x85.png 300w, https:\/\/cizgiromanokulu.org\/cr\/wp-content\/uploads\/2022\/02\/maltepe-universitesi-768x219.png 768w, https:\/\/cizgiromanokulu.org\/cr\/wp-content\/uploads\/2022\/02\/maltepe-universitesi-624x178.png 624w, https:\/\/cizgiromanokulu.org\/cr\/wp-content\/uploads\/2022\/02\/maltepe-universitesi.png 818w\" sizes=\"auto, (max-width: 300px) 100vw, 300px\" \/><\/a><\/p>\n<p><a href=\"https:\/\/cizgiromanokulu.org\/cr\/wp-content\/uploads\/2019\/04\/t\u00fcgva.png\"><img loading=\"lazy\" decoding=\"async\" class=\"alignnone wp-image-8578 \" src=\"https:\/\/cizgiromanokulu.org\/cr\/wp-content\/uploads\/2022\/02\/tugva-300x300.png\" alt=\"\" width=\"129\" height=\"129\" srcset=\"https:\/\/cizgiromanokulu.org\/cr\/wp-content\/uploads\/2022\/02\/tugva-300x300.png 300w, https:\/\/cizgiromanokulu.org\/cr\/wp-content\/uploads\/2022\/02\/tugva-1024x1024.png 1024w, https:\/\/cizgiromanokulu.org\/cr\/wp-content\/uploads\/2022\/02\/tugva-150x150.png 150w, https:\/\/cizgiromanokulu.org\/cr\/wp-content\/uploads\/2022\/02\/tugva-768x768.png 768w, https:\/\/cizgiromanokulu.org\/cr\/wp-content\/uploads\/2022\/02\/tugva-1536x1536.png 1536w, https:\/\/cizgiromanokulu.org\/cr\/wp-content\/uploads\/2022\/02\/tugva-2048x2048.png 2048w, https:\/\/cizgiromanokulu.org\/cr\/wp-content\/uploads\/2022\/02\/tugva-50x50.png 50w, https:\/\/cizgiromanokulu.org\/cr\/wp-content\/uploads\/2022\/02\/tugva-100x100.png 100w, https:\/\/cizgiromanokulu.org\/cr\/wp-content\/uploads\/2022\/02\/tugva-624x624.png 624w\" sizes=\"auto, (max-width: 129px) 100vw, 129px\" \/><\/a>\u00a0\u00a0<a href=\"https:\/\/cizgiromanokulu.org\/cr\/wp-content\/uploads\/2019\/04\/\u00f6n-der-imam-hatip.jpg\"><img loading=\"lazy\" decoding=\"async\" class=\"alignnone wp-image-8579 \" src=\"https:\/\/cizgiromanokulu.org\/cr\/wp-content\/uploads\/2022\/02\/on-der-imam-hatip-300x300.jpg\" alt=\"\" width=\"124\" height=\"124\" srcset=\"https:\/\/cizgiromanokulu.org\/cr\/wp-content\/uploads\/2022\/02\/on-der-imam-hatip-300x300.jpg 300w, https:\/\/cizgiromanokulu.org\/cr\/wp-content\/uploads\/2022\/02\/on-der-imam-hatip-150x150.jpg 150w, https:\/\/cizgiromanokulu.org\/cr\/wp-content\/uploads\/2022\/02\/on-der-imam-hatip-768x768.jpg 768w, https:\/\/cizgiromanokulu.org\/cr\/wp-content\/uploads\/2022\/02\/on-der-imam-hatip-50x50.jpg 50w, https:\/\/cizgiromanokulu.org\/cr\/wp-content\/uploads\/2022\/02\/on-der-imam-hatip-100x100.jpg 100w, https:\/\/cizgiromanokulu.org\/cr\/wp-content\/uploads\/2022\/02\/on-der-imam-hatip-624x624.jpg 624w, https:\/\/cizgiromanokulu.org\/cr\/wp-content\/uploads\/2022\/02\/on-der-imam-hatip.jpg 886w\" sizes=\"auto, (max-width: 124px) 100vw, 124px\" \/><\/a>\u00a0\u00a0<a href=\"https:\/\/cizgiromanokulu.org\/cr\/wp-content\/uploads\/2019\/04\/t\u00fcrgev.jpg\"><img loading=\"lazy\" decoding=\"async\" class=\"alignnone wp-image-8580 \" src=\"https:\/\/cizgiromanokulu.org\/cr\/wp-content\/uploads\/2022\/02\/turgev-400x300-1-300x225.jpg\" alt=\"\" width=\"163\" height=\"122\" srcset=\"https:\/\/cizgiromanokulu.org\/cr\/wp-content\/uploads\/2022\/02\/turgev-400x300-1-300x225.jpg 300w, https:\/\/cizgiromanokulu.org\/cr\/wp-content\/uploads\/2022\/02\/turgev-400x300-1.jpg 400w\" sizes=\"auto, (max-width: 163px) 100vw, 163px\" \/><\/a>\u00a0\u00a0<a href=\"https:\/\/cizgiromanokulu.org\/cr\/wp-content\/uploads\/2019\/04\/gen\u00e7-turkiye-platformu.png\"><img loading=\"lazy\" decoding=\"async\" class=\"alignnone wp-image-8581 \" src=\"https:\/\/cizgiromanokulu.org\/cr\/wp-content\/uploads\/2022\/02\/genc-turkiye-platformu-300x200.png\" alt=\"\" width=\"204\" height=\"136\" srcset=\"https:\/\/cizgiromanokulu.org\/cr\/wp-content\/uploads\/2022\/02\/genc-turkiye-platformu-300x200.png 300w, https:\/\/cizgiromanokulu.org\/cr\/wp-content\/uploads\/2022\/02\/genc-turkiye-platformu-1024x683.png 1024w, https:\/\/cizgiromanokulu.org\/cr\/wp-content\/uploads\/2022\/02\/genc-turkiye-platformu-768x512.png 768w, https:\/\/cizgiromanokulu.org\/cr\/wp-content\/uploads\/2022\/02\/genc-turkiye-platformu-1536x1024.png 1536w, https:\/\/cizgiromanokulu.org\/cr\/wp-content\/uploads\/2022\/02\/genc-turkiye-platformu-624x416.png 624w, https:\/\/cizgiromanokulu.org\/cr\/wp-content\/uploads\/2022\/02\/genc-turkiye-platformu.png 2048w\" sizes=\"auto, (max-width: 204px) 100vw, 204px\" \/><\/a>\u00a0\u00a0<a href=\"https:\/\/cizgiromanokulu.org\/cr\/wp-content\/uploads\/2019\/04\/ilim-yayma-cemiyeti.jpg\"><img loading=\"lazy\" decoding=\"async\" class=\"alignnone size-thumbnail wp-image-3565\" src=\"https:\/\/cizgiromanokulu.org\/cr\/wp-content\/uploads\/2019\/04\/ilim-yayma-cemiyeti-150x150.jpg\" alt=\"\" width=\"150\" height=\"150\" srcset=\"https:\/\/cizgiromanokulu.org\/cr\/wp-content\/uploads\/2019\/04\/ilim-yayma-cemiyeti-150x150.jpg 150w, https:\/\/cizgiromanokulu.org\/cr\/wp-content\/uploads\/2019\/04\/ilim-yayma-cemiyeti-300x300.jpg 300w, https:\/\/cizgiromanokulu.org\/cr\/wp-content\/uploads\/2019\/04\/ilim-yayma-cemiyeti-100x100.jpg 100w, https:\/\/cizgiromanokulu.org\/cr\/wp-content\/uploads\/2019\/04\/ilim-yayma-cemiyeti-50x50.jpg 50w\" sizes=\"auto, (max-width: 150px) 100vw, 150px\" \/><\/a>\u00a0<img loading=\"lazy\" decoding=\"async\" class=\"alignnone size-thumbnail wp-image-4381\" src=\"https:\/\/cizgiromanokulu.org\/cr\/wp-content\/uploads\/2021\/11\/usimder-150x150.jpg\" alt=\"\" width=\"150\" height=\"150\" srcset=\"https:\/\/cizgiromanokulu.org\/cr\/wp-content\/uploads\/2021\/11\/usimder-150x150.jpg 150w, https:\/\/cizgiromanokulu.org\/cr\/wp-content\/uploads\/2021\/11\/usimder-300x300.jpg 300w, https:\/\/cizgiromanokulu.org\/cr\/wp-content\/uploads\/2021\/11\/usimder-100x100.jpg 100w, https:\/\/cizgiromanokulu.org\/cr\/wp-content\/uploads\/2021\/11\/usimder-50x50.jpg 50w\" sizes=\"auto, (max-width: 150px) 100vw, 150px\" \/><\/p>\n<p><iframe loading=\"lazy\" src=\"https:\/\/www.youtube.com\/embed\/EwWYTIXA39s\" width=\"560\" height=\"315\" frameborder=\"0\" allowfullscreen=\"allowfullscreen\"><\/iframe><br \/>\n<iframe loading=\"lazy\" src=\"https:\/\/www.youtube.com\/embed\/oPXdFydd41w\" width=\"560\" height=\"315\" frameborder=\"0\" allowfullscreen=\"allowfullscreen\"><\/iframe><br \/>\n<iframe loading=\"lazy\" src=\"https:\/\/www.youtube.com\/embed\/cyO35hLhCXU\" width=\"560\" height=\"315\" frameborder=\"0\" allowfullscreen=\"allowfullscreen\"><\/iframe><br \/>\n<iframe loading=\"lazy\" src=\"https:\/\/www.youtube.com\/embed\/Jg2nNq8MYR4\" width=\"560\" height=\"315\" frameborder=\"0\" allowfullscreen=\"allowfullscreen\"><\/iframe><\/p>\n<p><iframe loading=\"lazy\" src=\"https:\/\/www.youtube.com\/embed\/9l-F1FTrAAo\" width=\"560\" height=\"315\" frameborder=\"0\" allowfullscreen=\"allowfullscreen\"><\/iframe><br \/>\n<iframe loading=\"lazy\" src=\"https:\/\/www.youtube.com\/embed\/JCenV9Ge1i4\" width=\"560\" height=\"315\" frameborder=\"0\" allowfullscreen=\"allowfullscreen\"><\/iframe><\/p>\n<p><iframe loading=\"lazy\" src=\"https:\/\/www.youtube.com\/embed\/nJlKtULhs88\" width=\"560\" height=\"315\" frameborder=\"0\" allowfullscreen=\"allowfullscreen\"><\/iframe><\/p>\n<p><iframe loading=\"lazy\" src=\"https:\/\/www.youtube.com\/embed\/6ZjO7gXMjCQ\" width=\"560\" height=\"315\" frameborder=\"0\" allowfullscreen=\"allowfullscreen\"><\/iframe><\/p>\n<p><iframe loading=\"lazy\" src=\"https:\/\/www.youtube.com\/embed\/dcoIr0NUN24\" width=\"560\" height=\"315\" frameborder=\"0\" allowfullscreen=\"allowfullscreen\"><\/iframe><\/p>\n<p><iframe loading=\"lazy\" src=\"https:\/\/www.youtube.com\/embed\/_bFY9UJhTls\" width=\"560\" height=\"315\" frameborder=\"0\" allowfullscreen=\"allowfullscreen\"><\/iframe><\/p>\n<p><iframe loading=\"lazy\" src=\"https:\/\/www.youtube.com\/embed\/Gh6ff3PnMQ4\" width=\"560\" height=\"315\" frameborder=\"0\" allowfullscreen=\"allowfullscreen\"><\/iframe><\/p>\n<p><iframe loading=\"lazy\" src=\"https:\/\/www.youtube.com\/embed\/B3A9NrjcRuc\" width=\"560\" height=\"315\" frameborder=\"0\" allowfullscreen=\"allowfullscreen\"><\/iframe><\/p>\n<p><iframe loading=\"lazy\" src=\"https:\/\/www.youtube.com\/embed\/uiVir6MflRk\" width=\"560\" height=\"315\" frameborder=\"0\" allowfullscreen=\"allowfullscreen\"><\/iframe><\/p>\n<p><iframe loading=\"lazy\" src=\"https:\/\/www.youtube.com\/embed\/Y7Bj9gQvo4Y\" width=\"560\" height=\"315\" frameborder=\"0\" allowfullscreen=\"allowfullscreen\"><\/iframe><\/p>\n<p><iframe loading=\"lazy\" src=\"https:\/\/www.youtube.com\/embed\/WzoQ7px7n_8\" width=\"560\" height=\"315\" frameborder=\"0\" allowfullscreen=\"allowfullscreen\"><\/iframe><\/p>\n","protected":false},"excerpt":{"rendered":"<p>Fehmi Demirba\u011f; \u0130stanbul B\u00fcy\u00fck\u015fehir Belediyesi ve Ye\u015filay\u00a0 ile ger\u00e7ekle\u015ftirilen\u00a0Erdemli Gen\u00e7lik Seminerleri\u00a0ile onlarca okul dola\u015farak s\u00f6yle\u015filer yapm\u0131\u015f,\u00a0Hayal Fabrikas\u0131, Bu Kitab\u0131n Yazar\u0131 Siz Olabilirsiniz, 90 Dakikada Siz de Yazar Olabilirsiniz seminerleri\u00a0ile binlerce gence ula\u015fm\u0131\u015ft\u0131r. \ufeff\ufeff\ufeff\ufeff \ufeff REFERANSLAR \u00a0\u00a0 \u00a0\u00a0\u00a0 \u00a0\u00a0\u00a0\u00a0 \u00a0\u00a0 \u00a0\u00a0\u00a0\u00a0\u00a0\u00a0\u00a0\u00a0\u00a0<\/p>\n","protected":false},"author":1,"featured_media":0,"parent":0,"menu_order":0,"comment_status":"closed","ping_status":"closed","template":"","meta":{"footnotes":""},"class_list":["post-3501","page","type-page","status-publish","hentry"],"_links":{"self":[{"href":"https:\/\/cizgiromanokulu.org\/cr\/wp-json\/wp\/v2\/pages\/3501","targetHints":{"allow":["GET"]}}],"collection":[{"href":"https:\/\/cizgiromanokulu.org\/cr\/wp-json\/wp\/v2\/pages"}],"about":[{"href":"https:\/\/cizgiromanokulu.org\/cr\/wp-json\/wp\/v2\/types\/page"}],"author":[{"embeddable":true,"href":"https:\/\/cizgiromanokulu.org\/cr\/wp-json\/wp\/v2\/users\/1"}],"replies":[{"embeddable":true,"href":"https:\/\/cizgiromanokulu.org\/cr\/wp-json\/wp\/v2\/comments?post=3501"}],"version-history":[{"count":19,"href":"https:\/\/cizgiromanokulu.org\/cr\/wp-json\/wp\/v2\/pages\/3501\/revisions"}],"predecessor-version":[{"id":8582,"href":"https:\/\/cizgiromanokulu.org\/cr\/wp-json\/wp\/v2\/pages\/3501\/revisions\/8582"}],"wp:attachment":[{"href":"https:\/\/cizgiromanokulu.org\/cr\/wp-json\/wp\/v2\/media?parent=3501"}],"curies":[{"name":"wp","href":"https:\/\/api.w.org\/{rel}","templated":true}]}}