{"id":3064,"date":"2018-06-18T18:54:09","date_gmt":"2018-06-18T15:54:09","guid":{"rendered":"http:\/\/cizgiromanokulu.com\/cr\/?page_id=3064"},"modified":"2022-01-07T21:35:57","modified_gmt":"2022-01-07T18:35:57","slug":"paneller","status":"publish","type":"page","link":"https:\/\/cizgiromanokulu.org\/cr\/paneller\/","title":{"rendered":"Paneller"},"content":{"rendered":"<div class=\"wpb-content-wrapper\"><p>[vc_row][vc_column][vc_column_text]Belediye baz\u0131nda T\u00fcrkiye&#8217;nin ilk \u00c7izgi Roman panelini ger\u00e7ekle\u015ftirmekten gurur duyuyoruz. Y\u0131ld\u0131z Teknik \u00dcniversitesi ile ortak d\u00fczenlenen ve \u00f6\u011fretim \u00fcyelerinin de yer ald\u0131\u011f\u0131 panelimizde Sancaktepe Belediye Ba\u015fkan\u0131 \u0130smail Erdem de bir konu\u015fma yapt\u0131.<\/p>\n<p>\u00c7izgi roman panelinde, \u00e7izgi roman\u0131n tarihi ve k\u00fclt\u00fcrel-sosyolojik arka plan\u0131 ele al\u0131nd\u0131. \u00dcniversite d\u00fczeyinden kat\u0131l\u0131m\u0131n ve konusunda yetkin isimlerin bir arada oldu\u011fu panel ilgi \u00e7ekti. Panelden sonra kat\u0131l\u0131mc\u0131lara plaket verildi.<\/p>\n<p><img loading=\"lazy\" decoding=\"async\" class=\"alignnone size-medium wp-image-3065\" src=\"http:\/\/cizgiromanokulu.com\/cr\/wp-content\/uploads\/2018\/06\/WhatsApp-Image-2018-05-12-at-20.43.49-300x200.jpeg\" alt=\"\" width=\"300\" height=\"200\" srcset=\"https:\/\/cizgiromanokulu.org\/cr\/wp-content\/uploads\/2018\/06\/WhatsApp-Image-2018-05-12-at-20.43.49-300x200.jpeg 300w, https:\/\/cizgiromanokulu.org\/cr\/wp-content\/uploads\/2018\/06\/WhatsApp-Image-2018-05-12-at-20.43.49-600x400.jpeg 600w, https:\/\/cizgiromanokulu.org\/cr\/wp-content\/uploads\/2018\/06\/WhatsApp-Image-2018-05-12-at-20.43.49-768x512.jpeg 768w, https:\/\/cizgiromanokulu.org\/cr\/wp-content\/uploads\/2018\/06\/WhatsApp-Image-2018-05-12-at-20.43.49-624x416.jpeg 624w, https:\/\/cizgiromanokulu.org\/cr\/wp-content\/uploads\/2018\/06\/WhatsApp-Image-2018-05-12-at-20.43.49.jpeg 960w\" sizes=\"auto, (max-width: 300px) 100vw, 300px\" \/>\u00a0<img loading=\"lazy\" decoding=\"async\" class=\"alignnone size-medium wp-image-3066\" src=\"http:\/\/cizgiromanokulu.com\/cr\/wp-content\/uploads\/2018\/06\/WhatsApp-Image-2018-05-12-at-20.44.15-300x200.jpeg\" alt=\"\" width=\"300\" height=\"200\" srcset=\"https:\/\/cizgiromanokulu.org\/cr\/wp-content\/uploads\/2018\/06\/WhatsApp-Image-2018-05-12-at-20.44.15-300x200.jpeg 300w, https:\/\/cizgiromanokulu.org\/cr\/wp-content\/uploads\/2018\/06\/WhatsApp-Image-2018-05-12-at-20.44.15-600x400.jpeg 600w, https:\/\/cizgiromanokulu.org\/cr\/wp-content\/uploads\/2018\/06\/WhatsApp-Image-2018-05-12-at-20.44.15-768x512.jpeg 768w, https:\/\/cizgiromanokulu.org\/cr\/wp-content\/uploads\/2018\/06\/WhatsApp-Image-2018-05-12-at-20.44.15-624x416.jpeg 624w, https:\/\/cizgiromanokulu.org\/cr\/wp-content\/uploads\/2018\/06\/WhatsApp-Image-2018-05-12-at-20.44.15.jpeg 960w\" sizes=\"auto, (max-width: 300px) 100vw, 300px\" \/>\u00a0<img loading=\"lazy\" decoding=\"async\" class=\"alignnone size-medium wp-image-3067\" src=\"http:\/\/cizgiromanokulu.com\/cr\/wp-content\/uploads\/2018\/06\/WhatsApp-Image-2018-05-12-at-20.44.26-300x200.jpeg\" alt=\"\" width=\"300\" height=\"200\" srcset=\"https:\/\/cizgiromanokulu.org\/cr\/wp-content\/uploads\/2018\/06\/WhatsApp-Image-2018-05-12-at-20.44.26-300x200.jpeg 300w, https:\/\/cizgiromanokulu.org\/cr\/wp-content\/uploads\/2018\/06\/WhatsApp-Image-2018-05-12-at-20.44.26-600x400.jpeg 600w, https:\/\/cizgiromanokulu.org\/cr\/wp-content\/uploads\/2018\/06\/WhatsApp-Image-2018-05-12-at-20.44.26-768x512.jpeg 768w, https:\/\/cizgiromanokulu.org\/cr\/wp-content\/uploads\/2018\/06\/WhatsApp-Image-2018-05-12-at-20.44.26-624x416.jpeg 624w, https:\/\/cizgiromanokulu.org\/cr\/wp-content\/uploads\/2018\/06\/WhatsApp-Image-2018-05-12-at-20.44.26.jpeg 960w\" sizes=\"auto, (max-width: 300px) 100vw, 300px\" \/>\u00a0<img loading=\"lazy\" decoding=\"async\" class=\"alignnone size-medium wp-image-3068\" src=\"http:\/\/cizgiromanokulu.com\/cr\/wp-content\/uploads\/2018\/06\/WhatsApp-Image-2018-05-12-at-20.44.28-300x200.jpeg\" alt=\"\" width=\"300\" height=\"200\" srcset=\"https:\/\/cizgiromanokulu.org\/cr\/wp-content\/uploads\/2018\/06\/WhatsApp-Image-2018-05-12-at-20.44.28-300x200.jpeg 300w, https:\/\/cizgiromanokulu.org\/cr\/wp-content\/uploads\/2018\/06\/WhatsApp-Image-2018-05-12-at-20.44.28-600x400.jpeg 600w, https:\/\/cizgiromanokulu.org\/cr\/wp-content\/uploads\/2018\/06\/WhatsApp-Image-2018-05-12-at-20.44.28-768x512.jpeg 768w, https:\/\/cizgiromanokulu.org\/cr\/wp-content\/uploads\/2018\/06\/WhatsApp-Image-2018-05-12-at-20.44.28-624x416.jpeg 624w, https:\/\/cizgiromanokulu.org\/cr\/wp-content\/uploads\/2018\/06\/WhatsApp-Image-2018-05-12-at-20.44.28.jpeg 960w\" sizes=\"auto, (max-width: 300px) 100vw, 300px\" \/><img loading=\"lazy\" decoding=\"async\" class=\"alignnone size-medium wp-image-3069\" src=\"http:\/\/cizgiromanokulu.com\/cr\/wp-content\/uploads\/2018\/06\/WhatsApp-Image-2018-05-12-at-20.44.30-300x200.jpeg\" alt=\"\" width=\"300\" height=\"200\" srcset=\"https:\/\/cizgiromanokulu.org\/cr\/wp-content\/uploads\/2018\/06\/WhatsApp-Image-2018-05-12-at-20.44.30-300x200.jpeg 300w, https:\/\/cizgiromanokulu.org\/cr\/wp-content\/uploads\/2018\/06\/WhatsApp-Image-2018-05-12-at-20.44.30-600x400.jpeg 600w, https:\/\/cizgiromanokulu.org\/cr\/wp-content\/uploads\/2018\/06\/WhatsApp-Image-2018-05-12-at-20.44.30-768x512.jpeg 768w, https:\/\/cizgiromanokulu.org\/cr\/wp-content\/uploads\/2018\/06\/WhatsApp-Image-2018-05-12-at-20.44.30-624x416.jpeg 624w, https:\/\/cizgiromanokulu.org\/cr\/wp-content\/uploads\/2018\/06\/WhatsApp-Image-2018-05-12-at-20.44.30.jpeg 960w\" sizes=\"auto, (max-width: 300px) 100vw, 300px\" \/>\u00a0<img loading=\"lazy\" decoding=\"async\" class=\"alignnone size-medium wp-image-3070\" src=\"http:\/\/cizgiromanokulu.com\/cr\/wp-content\/uploads\/2018\/06\/WhatsApp-Image-2018-05-12-at-20.44.33-300x200.jpeg\" alt=\"\" width=\"300\" height=\"200\" srcset=\"https:\/\/cizgiromanokulu.org\/cr\/wp-content\/uploads\/2018\/06\/WhatsApp-Image-2018-05-12-at-20.44.33-300x200.jpeg 300w, https:\/\/cizgiromanokulu.org\/cr\/wp-content\/uploads\/2018\/06\/WhatsApp-Image-2018-05-12-at-20.44.33-600x400.jpeg 600w, https:\/\/cizgiromanokulu.org\/cr\/wp-content\/uploads\/2018\/06\/WhatsApp-Image-2018-05-12-at-20.44.33-768x512.jpeg 768w, https:\/\/cizgiromanokulu.org\/cr\/wp-content\/uploads\/2018\/06\/WhatsApp-Image-2018-05-12-at-20.44.33-624x416.jpeg 624w, https:\/\/cizgiromanokulu.org\/cr\/wp-content\/uploads\/2018\/06\/WhatsApp-Image-2018-05-12-at-20.44.33.jpeg 960w\" sizes=\"auto, (max-width: 300px) 100vw, 300px\" \/>\u00a0<img loading=\"lazy\" decoding=\"async\" class=\"alignnone size-medium wp-image-3071\" src=\"http:\/\/cizgiromanokulu.com\/cr\/wp-content\/uploads\/2018\/06\/WhatsApp-Image-2018-05-12-at-20.43.33-300x200.jpeg\" alt=\"\" width=\"300\" height=\"200\" srcset=\"https:\/\/cizgiromanokulu.org\/cr\/wp-content\/uploads\/2018\/06\/WhatsApp-Image-2018-05-12-at-20.43.33-300x200.jpeg 300w, https:\/\/cizgiromanokulu.org\/cr\/wp-content\/uploads\/2018\/06\/WhatsApp-Image-2018-05-12-at-20.43.33-600x400.jpeg 600w, https:\/\/cizgiromanokulu.org\/cr\/wp-content\/uploads\/2018\/06\/WhatsApp-Image-2018-05-12-at-20.43.33-768x512.jpeg 768w, https:\/\/cizgiromanokulu.org\/cr\/wp-content\/uploads\/2018\/06\/WhatsApp-Image-2018-05-12-at-20.43.33-624x416.jpeg 624w, https:\/\/cizgiromanokulu.org\/cr\/wp-content\/uploads\/2018\/06\/WhatsApp-Image-2018-05-12-at-20.43.33.jpeg 960w\" sizes=\"auto, (max-width: 300px) 100vw, 300px\" \/>\u00a0<img loading=\"lazy\" decoding=\"async\" class=\"alignnone size-medium wp-image-3072\" src=\"http:\/\/cizgiromanokulu.com\/cr\/wp-content\/uploads\/2018\/06\/WhatsApp-Image-2018-05-12-at-20.43.37-300x200.jpeg\" alt=\"\" width=\"300\" height=\"200\" srcset=\"https:\/\/cizgiromanokulu.org\/cr\/wp-content\/uploads\/2018\/06\/WhatsApp-Image-2018-05-12-at-20.43.37-300x200.jpeg 300w, https:\/\/cizgiromanokulu.org\/cr\/wp-content\/uploads\/2018\/06\/WhatsApp-Image-2018-05-12-at-20.43.37-600x400.jpeg 600w, https:\/\/cizgiromanokulu.org\/cr\/wp-content\/uploads\/2018\/06\/WhatsApp-Image-2018-05-12-at-20.43.37-768x512.jpeg 768w, https:\/\/cizgiromanokulu.org\/cr\/wp-content\/uploads\/2018\/06\/WhatsApp-Image-2018-05-12-at-20.43.37-624x416.jpeg 624w, https:\/\/cizgiromanokulu.org\/cr\/wp-content\/uploads\/2018\/06\/WhatsApp-Image-2018-05-12-at-20.43.37.jpeg 960w\" sizes=\"auto, (max-width: 300px) 100vw, 300px\" \/><img loading=\"lazy\" decoding=\"async\" class=\"alignnone size-medium wp-image-3073\" src=\"http:\/\/cizgiromanokulu.com\/cr\/wp-content\/uploads\/2018\/06\/WhatsApp-Image-2018-05-12-at-20.43.41-300x200.jpeg\" alt=\"\" width=\"300\" height=\"200\" srcset=\"https:\/\/cizgiromanokulu.org\/cr\/wp-content\/uploads\/2018\/06\/WhatsApp-Image-2018-05-12-at-20.43.41-300x200.jpeg 300w, https:\/\/cizgiromanokulu.org\/cr\/wp-content\/uploads\/2018\/06\/WhatsApp-Image-2018-05-12-at-20.43.41-600x400.jpeg 600w, https:\/\/cizgiromanokulu.org\/cr\/wp-content\/uploads\/2018\/06\/WhatsApp-Image-2018-05-12-at-20.43.41-768x512.jpeg 768w, https:\/\/cizgiromanokulu.org\/cr\/wp-content\/uploads\/2018\/06\/WhatsApp-Image-2018-05-12-at-20.43.41-624x416.jpeg 624w, https:\/\/cizgiromanokulu.org\/cr\/wp-content\/uploads\/2018\/06\/WhatsApp-Image-2018-05-12-at-20.43.41.jpeg 960w\" sizes=\"auto, (max-width: 300px) 100vw, 300px\" \/>\u00a0<img loading=\"lazy\" decoding=\"async\" class=\"alignnone size-medium wp-image-3074\" src=\"http:\/\/cizgiromanokulu.com\/cr\/wp-content\/uploads\/2018\/06\/WhatsApp-Image-2018-05-12-at-20.43.47-300x200.jpeg\" alt=\"\" width=\"300\" height=\"200\" srcset=\"https:\/\/cizgiromanokulu.org\/cr\/wp-content\/uploads\/2018\/06\/WhatsApp-Image-2018-05-12-at-20.43.47-300x200.jpeg 300w, https:\/\/cizgiromanokulu.org\/cr\/wp-content\/uploads\/2018\/06\/WhatsApp-Image-2018-05-12-at-20.43.47-600x400.jpeg 600w, https:\/\/cizgiromanokulu.org\/cr\/wp-content\/uploads\/2018\/06\/WhatsApp-Image-2018-05-12-at-20.43.47-768x512.jpeg 768w, https:\/\/cizgiromanokulu.org\/cr\/wp-content\/uploads\/2018\/06\/WhatsApp-Image-2018-05-12-at-20.43.47-624x416.jpeg 624w, https:\/\/cizgiromanokulu.org\/cr\/wp-content\/uploads\/2018\/06\/WhatsApp-Image-2018-05-12-at-20.43.47.jpeg 960w\" sizes=\"auto, (max-width: 300px) 100vw, 300px\" \/>[\/vc_column_text][vc_empty_space][vc_column_text]<\/p>\n<p style=\"text-align: center;\">\u00c7izgi Roman Panelinde anlat\u0131lanlar\u0131 kitap olarak okuyabilirsiniz.<\/p>\n<p style=\"text-align: center;\"><a href=\"https:\/\/cizgiromanokulu.org\/cr\/comic\/cizgi-roman-paneli\/\"><img loading=\"lazy\" decoding=\"async\" class=\"alignnone wp-image-6936 size-medium\" src=\"https:\/\/cizgiromanokulu.org\/cr\/wp-content\/uploads\/2022\/01\/cizgi-roman-paneli-300x230.png\" alt=\"\" width=\"300\" height=\"230\" srcset=\"https:\/\/cizgiromanokulu.org\/cr\/wp-content\/uploads\/2022\/01\/cizgi-roman-paneli-300x230.png 300w, https:\/\/cizgiromanokulu.org\/cr\/wp-content\/uploads\/2022\/01\/cizgi-roman-paneli-1024x785.png 1024w, https:\/\/cizgiromanokulu.org\/cr\/wp-content\/uploads\/2022\/01\/cizgi-roman-paneli-768x589.png 768w, https:\/\/cizgiromanokulu.org\/cr\/wp-content\/uploads\/2022\/01\/cizgi-roman-paneli-624x478.png 624w, https:\/\/cizgiromanokulu.org\/cr\/wp-content\/uploads\/2022\/01\/cizgi-roman-paneli.png 1500w\" sizes=\"auto, (max-width: 300px) 100vw, 300px\" \/><\/a><\/p>\n<p>[\/vc_column_text][\/vc_column][\/vc_row]<\/p>\n<\/div>","protected":false},"excerpt":{"rendered":"<p>[vc_row][vc_column][vc_column_text]Belediye baz\u0131nda T\u00fcrkiye&#8217;nin ilk \u00c7izgi Roman panelini ger\u00e7ekle\u015ftirmekten gurur duyuyoruz. Y\u0131ld\u0131z Teknik \u00dcniversitesi ile ortak d\u00fczenlenen ve \u00f6\u011fretim \u00fcyelerinin de yer ald\u0131\u011f\u0131 panelimizde Sancaktepe Belediye Ba\u015fkan\u0131 \u0130smail Erdem de bir konu\u015fma yapt\u0131. \u00c7izgi roman panelinde, \u00e7izgi roman\u0131n tarihi ve k\u00fclt\u00fcrel-sosyolojik arka plan\u0131 ele al\u0131nd\u0131. \u00dcniversite d\u00fczeyinden kat\u0131l\u0131m\u0131n ve konusunda yetkin isimlerin bir arada oldu\u011fu panel [&hellip;]<\/p>\n","protected":false},"author":1,"featured_media":0,"parent":0,"menu_order":0,"comment_status":"closed","ping_status":"closed","template":"","meta":{"footnotes":""},"class_list":["post-3064","page","type-page","status-publish","hentry"],"_links":{"self":[{"href":"https:\/\/cizgiromanokulu.org\/cr\/wp-json\/wp\/v2\/pages\/3064","targetHints":{"allow":["GET"]}}],"collection":[{"href":"https:\/\/cizgiromanokulu.org\/cr\/wp-json\/wp\/v2\/pages"}],"about":[{"href":"https:\/\/cizgiromanokulu.org\/cr\/wp-json\/wp\/v2\/types\/page"}],"author":[{"embeddable":true,"href":"https:\/\/cizgiromanokulu.org\/cr\/wp-json\/wp\/v2\/users\/1"}],"replies":[{"embeddable":true,"href":"https:\/\/cizgiromanokulu.org\/cr\/wp-json\/wp\/v2\/comments?post=3064"}],"version-history":[{"count":3,"href":"https:\/\/cizgiromanokulu.org\/cr\/wp-json\/wp\/v2\/pages\/3064\/revisions"}],"predecessor-version":[{"id":7433,"href":"https:\/\/cizgiromanokulu.org\/cr\/wp-json\/wp\/v2\/pages\/3064\/revisions\/7433"}],"wp:attachment":[{"href":"https:\/\/cizgiromanokulu.org\/cr\/wp-json\/wp\/v2\/media?parent=3064"}],"curies":[{"name":"wp","href":"https:\/\/api.w.org\/{rel}","templated":true}]}}