{"id":3032,"date":"2018-06-18T18:29:37","date_gmt":"2018-06-18T15:29:37","guid":{"rendered":"http:\/\/cizgiromanokulu.com\/cr\/?page_id=3032"},"modified":"2019-06-22T18:26:47","modified_gmt":"2019-06-22T15:26:47","slug":"cizgi-roman-bulusmalari","status":"publish","type":"page","link":"https:\/\/cizgiromanokulu.org\/cr\/cizgi-roman-bulusmalari\/","title":{"rendered":"\u00c7izgi Roman Bulu\u015fmalar\u0131"},"content":{"rendered":"<p>\u00c7izgi roman okulunda \u00fclkemizin b\u00fcy\u00fck \u00e7izgi romanc\u0131lar\u0131 ile \u00f6\u011frencilerimizi bir araya getirerek s\u00f6yle\u015filer yap\u0131yoruz. \u0130lk s\u00f6yle\u015fimizin konu\u011fu Ye\u015fil\u00e7am&#8217;\u0131n usta akt\u00f6r\u00fc ve ayn\u0131 zamanda bir \u00e7izgi roman ressam\u0131 olan S\u00fcleyman Turan oldu. Tecr\u00fcbeli sanat\u00e7\u0131 \u00f6\u011frencilerle yapt\u0131\u011f\u0131 s\u00f6yle\u015fide anlatt\u0131klar\u0131 ile dikkat \u00e7ekti.<\/p>\n<p>S\u00fcleyman Turan&#8217;\u0131n uzunca s\u00fcre \u00e7izerlik ve akt\u00f6rl\u00fck kariyerini birlikte y\u00fcr\u00fctm\u00fc\u015f olmas\u0131 ve bu iki i\u015fi nas\u0131l bir arada y\u00f6netebildi\u011fini anlatmas\u0131 dinleyenlerin merak\u0131n\u0131 uyand\u0131rd\u0131. Sanat\u00e7\u0131 anlatt\u0131klar\u0131 ile gen\u00e7lere yol g\u00f6sterdi.<\/p>\n<p>\u00c7izgi Roman Okulunun a\u00e7\u0131lmas\u0131ndan ve gen\u00e7 \u00e7izgi romanc\u0131lar\u0131n yeti\u015fmesinden b\u00fcy\u00fck mutluluk duydu\u011funu belirten Turan, \u00e7izgi roman sanat\u0131n\u0131n ya\u015fat\u0131lmas\u0131n\u0131n \u00f6nemini anlatt\u0131.<\/p>\n<p>S\u00f6yle\u015finin sonunda imza verildi ve foto\u011fraflar \u00e7ekildi.<\/p>\n<p><a href=\"https:\/\/cizgiromanokulu.org\/cr\/wp-content\/uploads\/2019\/06\/IMG_0083.jpg\"><img loading=\"lazy\" decoding=\"async\" class=\"alignnone size-medium wp-image-3637 aligncenter\" src=\"https:\/\/cizgiromanokulu.org\/cr\/wp-content\/uploads\/2019\/06\/IMG_0083-300x200.jpg\" alt=\"\" width=\"300\" height=\"200\" srcset=\"https:\/\/cizgiromanokulu.org\/cr\/wp-content\/uploads\/2019\/06\/IMG_0083-300x200.jpg 300w, https:\/\/cizgiromanokulu.org\/cr\/wp-content\/uploads\/2019\/06\/IMG_0083-600x400.jpg 600w, https:\/\/cizgiromanokulu.org\/cr\/wp-content\/uploads\/2019\/06\/IMG_0083-768x512.jpg 768w, https:\/\/cizgiromanokulu.org\/cr\/wp-content\/uploads\/2019\/06\/IMG_0083-1024x683.jpg 1024w, https:\/\/cizgiromanokulu.org\/cr\/wp-content\/uploads\/2019\/06\/IMG_0083-624x416.jpg 624w\" sizes=\"auto, (max-width: 300px) 100vw, 300px\" \/><\/a><\/p>\n<p>&nbsp;<\/p>\n<p><a href=\"https:\/\/cizgiromanokulu.org\/cr\/wp-content\/uploads\/2019\/06\/IMG_0087.jpg\"><img loading=\"lazy\" decoding=\"async\" class=\"alignnone size-medium wp-image-3638\" src=\"https:\/\/cizgiromanokulu.org\/cr\/wp-content\/uploads\/2019\/06\/IMG_0087-300x200.jpg\" alt=\"\" width=\"300\" height=\"200\" srcset=\"https:\/\/cizgiromanokulu.org\/cr\/wp-content\/uploads\/2019\/06\/IMG_0087-300x200.jpg 300w, https:\/\/cizgiromanokulu.org\/cr\/wp-content\/uploads\/2019\/06\/IMG_0087-600x400.jpg 600w, https:\/\/cizgiromanokulu.org\/cr\/wp-content\/uploads\/2019\/06\/IMG_0087-768x512.jpg 768w, https:\/\/cizgiromanokulu.org\/cr\/wp-content\/uploads\/2019\/06\/IMG_0087-1024x683.jpg 1024w, https:\/\/cizgiromanokulu.org\/cr\/wp-content\/uploads\/2019\/06\/IMG_0087-624x416.jpg 624w\" sizes=\"auto, (max-width: 300px) 100vw, 300px\" \/><\/a>\u00a0\u00a0 \u00a0<a href=\"https:\/\/cizgiromanokulu.org\/cr\/wp-content\/uploads\/2019\/06\/IMG_0128.jpg\"><img loading=\"lazy\" decoding=\"async\" class=\"alignnone size-medium wp-image-3639\" src=\"https:\/\/cizgiromanokulu.org\/cr\/wp-content\/uploads\/2019\/06\/IMG_0128-300x200.jpg\" alt=\"\" width=\"300\" height=\"200\" srcset=\"https:\/\/cizgiromanokulu.org\/cr\/wp-content\/uploads\/2019\/06\/IMG_0128-300x200.jpg 300w, https:\/\/cizgiromanokulu.org\/cr\/wp-content\/uploads\/2019\/06\/IMG_0128-600x400.jpg 600w, https:\/\/cizgiromanokulu.org\/cr\/wp-content\/uploads\/2019\/06\/IMG_0128-768x512.jpg 768w, https:\/\/cizgiromanokulu.org\/cr\/wp-content\/uploads\/2019\/06\/IMG_0128-1024x683.jpg 1024w, https:\/\/cizgiromanokulu.org\/cr\/wp-content\/uploads\/2019\/06\/IMG_0128-624x416.jpg 624w\" sizes=\"auto, (max-width: 300px) 100vw, 300px\" \/><\/a>\u00a0 \u00a0\u00a0 <a href=\"https:\/\/cizgiromanokulu.org\/cr\/wp-content\/uploads\/2019\/06\/IMG_0159.jpg\"><img loading=\"lazy\" decoding=\"async\" class=\"alignnone size-medium wp-image-3640\" src=\"https:\/\/cizgiromanokulu.org\/cr\/wp-content\/uploads\/2019\/06\/IMG_0159-300x200.jpg\" alt=\"\" width=\"300\" height=\"200\" srcset=\"https:\/\/cizgiromanokulu.org\/cr\/wp-content\/uploads\/2019\/06\/IMG_0159-300x200.jpg 300w, https:\/\/cizgiromanokulu.org\/cr\/wp-content\/uploads\/2019\/06\/IMG_0159-600x400.jpg 600w, https:\/\/cizgiromanokulu.org\/cr\/wp-content\/uploads\/2019\/06\/IMG_0159-768x512.jpg 768w, https:\/\/cizgiromanokulu.org\/cr\/wp-content\/uploads\/2019\/06\/IMG_0159-1024x683.jpg 1024w, https:\/\/cizgiromanokulu.org\/cr\/wp-content\/uploads\/2019\/06\/IMG_0159-624x416.jpg 624w\" sizes=\"auto, (max-width: 300px) 100vw, 300px\" \/><\/a>\u00a0 &nbsp;\u00a0\u00a0<a href=\"https:\/\/cizgiromanokulu.org\/cr\/wp-content\/uploads\/2019\/06\/IMG_0063.jpg\"><img loading=\"lazy\" decoding=\"async\" class=\"alignnone size-medium wp-image-3641\" src=\"https:\/\/cizgiromanokulu.org\/cr\/wp-content\/uploads\/2019\/06\/IMG_0063-300x200.jpg\" alt=\"\" width=\"300\" height=\"200\" srcset=\"https:\/\/cizgiromanokulu.org\/cr\/wp-content\/uploads\/2019\/06\/IMG_0063-300x200.jpg 300w, https:\/\/cizgiromanokulu.org\/cr\/wp-content\/uploads\/2019\/06\/IMG_0063-600x400.jpg 600w, https:\/\/cizgiromanokulu.org\/cr\/wp-content\/uploads\/2019\/06\/IMG_0063-768x512.jpg 768w, https:\/\/cizgiromanokulu.org\/cr\/wp-content\/uploads\/2019\/06\/IMG_0063-1024x683.jpg 1024w, https:\/\/cizgiromanokulu.org\/cr\/wp-content\/uploads\/2019\/06\/IMG_0063-624x416.jpg 624w\" sizes=\"auto, (max-width: 300px) 100vw, 300px\" \/><\/a><\/p>\n<p><iframe loading=\"lazy\" title=\"S\u00fcleyman Turan \u00e7izgi roman okulu bulu\u015fmas\u0131\" width=\"625\" height=\"352\" src=\"https:\/\/www.youtube.com\/embed\/C0e3nLF4fyI?feature=oembed\" frameborder=\"0\" allow=\"accelerometer; autoplay; clipboard-write; encrypted-media; gyroscope; picture-in-picture; web-share\" referrerpolicy=\"strict-origin-when-cross-origin\" allowfullscreen><\/iframe><\/p>\n","protected":false},"excerpt":{"rendered":"<p>\u00c7izgi roman okulunda \u00fclkemizin b\u00fcy\u00fck \u00e7izgi romanc\u0131lar\u0131 ile \u00f6\u011frencilerimizi bir araya getirerek s\u00f6yle\u015filer yap\u0131yoruz. \u0130lk s\u00f6yle\u015fimizin konu\u011fu Ye\u015fil\u00e7am&#8217;\u0131n usta akt\u00f6r\u00fc ve ayn\u0131 zamanda bir \u00e7izgi roman ressam\u0131 olan S\u00fcleyman Turan oldu. Tecr\u00fcbeli sanat\u00e7\u0131 \u00f6\u011frencilerle yapt\u0131\u011f\u0131 s\u00f6yle\u015fide anlatt\u0131klar\u0131 ile dikkat \u00e7ekti. S\u00fcleyman Turan&#8217;\u0131n uzunca s\u00fcre \u00e7izerlik ve akt\u00f6rl\u00fck kariyerini birlikte y\u00fcr\u00fctm\u00fc\u015f olmas\u0131 ve bu iki i\u015fi [&hellip;]<\/p>\n","protected":false},"author":1,"featured_media":0,"parent":0,"menu_order":0,"comment_status":"closed","ping_status":"closed","template":"","meta":{"footnotes":""},"class_list":["post-3032","page","type-page","status-publish","hentry"],"_links":{"self":[{"href":"https:\/\/cizgiromanokulu.org\/cr\/wp-json\/wp\/v2\/pages\/3032","targetHints":{"allow":["GET"]}}],"collection":[{"href":"https:\/\/cizgiromanokulu.org\/cr\/wp-json\/wp\/v2\/pages"}],"about":[{"href":"https:\/\/cizgiromanokulu.org\/cr\/wp-json\/wp\/v2\/types\/page"}],"author":[{"embeddable":true,"href":"https:\/\/cizgiromanokulu.org\/cr\/wp-json\/wp\/v2\/users\/1"}],"replies":[{"embeddable":true,"href":"https:\/\/cizgiromanokulu.org\/cr\/wp-json\/wp\/v2\/comments?post=3032"}],"version-history":[{"count":3,"href":"https:\/\/cizgiromanokulu.org\/cr\/wp-json\/wp\/v2\/pages\/3032\/revisions"}],"predecessor-version":[{"id":3642,"href":"https:\/\/cizgiromanokulu.org\/cr\/wp-json\/wp\/v2\/pages\/3032\/revisions\/3642"}],"wp:attachment":[{"href":"https:\/\/cizgiromanokulu.org\/cr\/wp-json\/wp\/v2\/media?parent=3032"}],"curies":[{"name":"wp","href":"https:\/\/api.w.org\/{rel}","templated":true}]}}