{"id":3023,"date":"2018-06-18T18:09:56","date_gmt":"2018-06-18T15:09:56","guid":{"rendered":"http:\/\/cizgiromanokulu.com\/cr\/?page_id=3023"},"modified":"2024-02-20T00:33:41","modified_gmt":"2024-02-19T21:33:41","slug":"uretim","status":"publish","type":"page","link":"https:\/\/cizgiromanokulu.org\/cr\/uretim\/","title":{"rendered":"\u00dcretim"},"content":{"rendered":"<p>\u00dcretim a\u015famas\u0131nda bask\u0131ya haz\u0131rl\u0131k tekniklerini i\u015fliyoruz.<\/p>\n<p>Ayr\u0131ca \u00f6\u011frencilerin i\u015flerini nas\u0131l okuyucu ile bulu\u015fturabileceklerini g\u00f6r\u00fcyor ve KEND\u0130 \u00c7\u0130ZG\u0130 ROMANLARIMIZI HAZIRLIYORUZ.<\/p>\n<p>\u00c7izgi Roman Okulu \u00f6\u011frencilerinin eserlerini <a href=\"https:\/\/cizgiromanokulu.org\/cr\/kitaplar\/\">BURADAN<\/a> okuyabilirsiniz.<\/p>\n<p>&nbsp;<\/p>\n","protected":false},"excerpt":{"rendered":"<p>\u00dcretim a\u015famas\u0131nda bask\u0131ya haz\u0131rl\u0131k tekniklerini i\u015fliyoruz. Ayr\u0131ca \u00f6\u011frencilerin i\u015flerini nas\u0131l okuyucu ile bulu\u015fturabileceklerini g\u00f6r\u00fcyor ve KEND\u0130 \u00c7\u0130ZG\u0130 ROMANLARIMIZI HAZIRLIYORUZ. \u00c7izgi Roman Okulu \u00f6\u011frencilerinin eserlerini BURADAN okuyabilirsiniz. &nbsp;<\/p>\n","protected":false},"author":1,"featured_media":0,"parent":0,"menu_order":0,"comment_status":"closed","ping_status":"closed","template":"","meta":{"footnotes":""},"class_list":["post-3023","page","type-page","status-publish","hentry"],"_links":{"self":[{"href":"https:\/\/cizgiromanokulu.org\/cr\/wp-json\/wp\/v2\/pages\/3023","targetHints":{"allow":["GET"]}}],"collection":[{"href":"https:\/\/cizgiromanokulu.org\/cr\/wp-json\/wp\/v2\/pages"}],"about":[{"href":"https:\/\/cizgiromanokulu.org\/cr\/wp-json\/wp\/v2\/types\/page"}],"author":[{"embeddable":true,"href":"https:\/\/cizgiromanokulu.org\/cr\/wp-json\/wp\/v2\/users\/1"}],"replies":[{"embeddable":true,"href":"https:\/\/cizgiromanokulu.org\/cr\/wp-json\/wp\/v2\/comments?post=3023"}],"version-history":[{"count":5,"href":"https:\/\/cizgiromanokulu.org\/cr\/wp-json\/wp\/v2\/pages\/3023\/revisions"}],"predecessor-version":[{"id":12822,"href":"https:\/\/cizgiromanokulu.org\/cr\/wp-json\/wp\/v2\/pages\/3023\/revisions\/12822"}],"wp:attachment":[{"href":"https:\/\/cizgiromanokulu.org\/cr\/wp-json\/wp\/v2\/media?parent=3023"}],"curies":[{"name":"wp","href":"https:\/\/api.w.org\/{rel}","templated":true}]}}