{"id":3021,"date":"2018-06-18T18:06:20","date_gmt":"2018-06-18T15:06:20","guid":{"rendered":"http:\/\/cizgiromanokulu.com\/cr\/?page_id=3021"},"modified":"2022-01-07T21:00:47","modified_gmt":"2022-01-07T18:00:47","slug":"cizim","status":"publish","type":"page","link":"https:\/\/cizgiromanokulu.org\/cr\/cizim\/","title":{"rendered":"\u00c7izim"},"content":{"rendered":"<p><img loading=\"lazy\" decoding=\"async\" class=\"alignleft size-medium wp-image-2817\" style=\"margin: 0px 50px;\" src=\"http:\/\/cizgiromanokulu.com\/cr\/wp-content\/uploads\/2018\/06\/IMG_20180311131028-300x225.jpg\" alt=\"\" width=\"300\" height=\"225\" srcset=\"https:\/\/cizgiromanokulu.org\/cr\/wp-content\/uploads\/2018\/06\/IMG_20180311131028-300x225.jpg 300w, https:\/\/cizgiromanokulu.org\/cr\/wp-content\/uploads\/2018\/06\/IMG_20180311131028-600x450.jpg 600w, https:\/\/cizgiromanokulu.org\/cr\/wp-content\/uploads\/2018\/06\/IMG_20180311131028-768x576.jpg 768w, https:\/\/cizgiromanokulu.org\/cr\/wp-content\/uploads\/2018\/06\/IMG_20180311131028-1024x768.jpg 1024w, https:\/\/cizgiromanokulu.org\/cr\/wp-content\/uploads\/2018\/06\/IMG_20180311131028-624x468.jpg 624w\" sizes=\"auto, (max-width: 300px) 100vw, 300px\" \/> \u00c7izgi roman \u00e7izimi \u00e7e\u015fitli a\u015famalardan olu\u015fur. Temel olarak:<\/p>\n<ul>\n<li>Kur\u015fun kalem<\/li>\n<li>\u00c7ini<\/li>\n<li>Renkleme<\/li>\n<\/ul>\n<p>\u0130yi bir \u00e7izgi roman sayfas\u0131n\u0131n ortaya \u00e7\u0131kmas\u0131, \u00e7izim \u00f6ncesinde \u00e7izerin yapt\u0131\u011f\u0131 haz\u0131rl\u0131\u011f\u0131 ve donan\u0131m\u0131-tecr\u00fcbesine ba\u011fl\u0131d\u0131r. \u00c7izgi Roman Okulunda \u00f6\u011frenciler en temel \u00e7izim kurallar\u0131ndan ba\u015flayarak e\u011fitim g\u00f6rmektedirler. Temel \u015fekillerin bir araya getirilerek istenilen resmin ortaya \u00e7\u0131kar\u0131lmas\u0131, anatomi, nesnelerin \u00e7izimi, perspektif dersleri ile \u00e7izgi roman i\u00e7in haz\u0131r hale gelen \u00f6\u011frenci, eserini olu\u015fturmaya ba\u015flar.<\/p>\n\n\n<figure class=\"wp-block-embed is-type-video is-provider-youtube wp-block-embed-youtube wp-embed-aspect-16-9 wp-has-aspect-ratio\"><div class=\"wp-block-embed__wrapper\">\n<iframe loading=\"lazy\" title=\"\u00c7izgi Roman Nedir? | Anatomi | Temel \u00c7izim\" width=\"625\" height=\"352\" src=\"https:\/\/www.youtube.com\/embed\/kntNt0sJLrw?feature=oembed\" frameborder=\"0\" allow=\"accelerometer; autoplay; clipboard-write; encrypted-media; gyroscope; picture-in-picture; web-share\" referrerpolicy=\"strict-origin-when-cross-origin\" allowfullscreen><\/iframe>\n<\/div><\/figure>\n\n\n\n<figure class=\"wp-block-embed is-type-video is-provider-youtube wp-block-embed-youtube wp-embed-aspect-16-9 wp-has-aspect-ratio\"><div class=\"wp-block-embed__wrapper\">\n<iframe loading=\"lazy\" title=\"Temel \u0130nsan \u00c7izimi | \u00c7izgi Roman Okulu\" width=\"625\" height=\"352\" src=\"https:\/\/www.youtube.com\/embed\/3TseQnFypOY?feature=oembed\" frameborder=\"0\" allow=\"accelerometer; autoplay; clipboard-write; encrypted-media; gyroscope; picture-in-picture; web-share\" referrerpolicy=\"strict-origin-when-cross-origin\" allowfullscreen><\/iframe>\n<\/div><\/figure>\n\n\n\n<figure class=\"wp-block-embed is-type-video is-provider-youtube wp-block-embed-youtube wp-embed-aspect-16-9 wp-has-aspect-ratio\"><div class=\"wp-block-embed__wrapper\">\n<iframe loading=\"lazy\" title=\"\u00c7izgi roman okulu | El \u00e7izimi\" width=\"625\" height=\"352\" src=\"https:\/\/www.youtube.com\/embed\/ZzayZeR7rwk?feature=oembed\" frameborder=\"0\" allow=\"accelerometer; autoplay; clipboard-write; encrypted-media; gyroscope; picture-in-picture; web-share\" referrerpolicy=\"strict-origin-when-cross-origin\" allowfullscreen><\/iframe>\n<\/div><\/figure>\n","protected":false},"excerpt":{"rendered":"<p>\u00c7izgi roman \u00e7izimi \u00e7e\u015fitli a\u015famalardan olu\u015fur. Temel olarak: Kur\u015fun kalem \u00c7ini Renkleme \u0130yi bir \u00e7izgi roman sayfas\u0131n\u0131n ortaya \u00e7\u0131kmas\u0131, \u00e7izim \u00f6ncesinde \u00e7izerin yapt\u0131\u011f\u0131 haz\u0131rl\u0131\u011f\u0131 ve donan\u0131m\u0131-tecr\u00fcbesine ba\u011fl\u0131d\u0131r. \u00c7izgi Roman Okulunda \u00f6\u011frenciler en temel \u00e7izim kurallar\u0131ndan ba\u015flayarak e\u011fitim g\u00f6rmektedirler. Temel \u015fekillerin bir araya getirilerek istenilen resmin ortaya \u00e7\u0131kar\u0131lmas\u0131, anatomi, nesnelerin \u00e7izimi, perspektif dersleri ile \u00e7izgi roman [&hellip;]<\/p>\n","protected":false},"author":1,"featured_media":0,"parent":0,"menu_order":0,"comment_status":"closed","ping_status":"closed","template":"","meta":{"footnotes":""},"class_list":["post-3021","page","type-page","status-publish","hentry"],"_links":{"self":[{"href":"https:\/\/cizgiromanokulu.org\/cr\/wp-json\/wp\/v2\/pages\/3021","targetHints":{"allow":["GET"]}}],"collection":[{"href":"https:\/\/cizgiromanokulu.org\/cr\/wp-json\/wp\/v2\/pages"}],"about":[{"href":"https:\/\/cizgiromanokulu.org\/cr\/wp-json\/wp\/v2\/types\/page"}],"author":[{"embeddable":true,"href":"https:\/\/cizgiromanokulu.org\/cr\/wp-json\/wp\/v2\/users\/1"}],"replies":[{"embeddable":true,"href":"https:\/\/cizgiromanokulu.org\/cr\/wp-json\/wp\/v2\/comments?post=3021"}],"version-history":[{"count":3,"href":"https:\/\/cizgiromanokulu.org\/cr\/wp-json\/wp\/v2\/pages\/3021\/revisions"}],"predecessor-version":[{"id":7422,"href":"https:\/\/cizgiromanokulu.org\/cr\/wp-json\/wp\/v2\/pages\/3021\/revisions\/7422"}],"wp:attachment":[{"href":"https:\/\/cizgiromanokulu.org\/cr\/wp-json\/wp\/v2\/media?parent=3021"}],"curies":[{"name":"wp","href":"https:\/\/api.w.org\/{rel}","templated":true}]}}