{"id":3019,"date":"2018-06-18T18:02:54","date_gmt":"2018-06-18T15:02:54","guid":{"rendered":"http:\/\/cizgiromanokulu.com\/cr\/?page_id=3019"},"modified":"2023-02-17T23:40:18","modified_gmt":"2023-02-17T20:40:18","slug":"senaryo-calismalari","status":"publish","type":"page","link":"https:\/\/cizgiromanokulu.org\/cr\/senaryo-calismalari\/","title":{"rendered":"Senaryo \u00c7al\u0131\u015fmalar\u0131"},"content":{"rendered":"<img loading=\"lazy\" decoding=\"async\" class=\"alignleft wp-image-2820\" style=\"margin: 0px 50px;\" src=\"http:\/\/cizgiromanokulu.com\/cr\/wp-content\/uploads\/2018\/06\/IMG_20180311131154-300x225.jpg\" alt=\"\" width=\"359\" height=\"269\" srcset=\"https:\/\/cizgiromanokulu.org\/cr\/wp-content\/uploads\/2018\/06\/IMG_20180311131154-300x225.jpg 300w, https:\/\/cizgiromanokulu.org\/cr\/wp-content\/uploads\/2018\/06\/IMG_20180311131154-600x450.jpg 600w, https:\/\/cizgiromanokulu.org\/cr\/wp-content\/uploads\/2018\/06\/IMG_20180311131154-768x576.jpg 768w, https:\/\/cizgiromanokulu.org\/cr\/wp-content\/uploads\/2018\/06\/IMG_20180311131154-1024x768.jpg 1024w, https:\/\/cizgiromanokulu.org\/cr\/wp-content\/uploads\/2018\/06\/IMG_20180311131154-624x468.jpg 624w\" sizes=\"auto, (max-width: 359px) 100vw, 359px\" \/> \u00c7izgi roman&#8217;\u0131n olmazsa olmaz\u0131 senaryodur. Okulumuzda senaryo nas\u0131l yaz\u0131l\u0131r, hikaye nas\u0131l olu\u015fturulur, karakter nas\u0131l olu\u015fturulur i\u015fliyor, \u00f6\u011freniyoruz.\r\n\r\n\u00c7izgi roman, \u00e7izim ve yaz\u0131n\u0131n bir araya gelmesinden olu\u015fur. \u00c7izim i\u015flemine senaryo yaz\u0131m\u0131 tamamland\u0131ktan sonra ge\u00e7ilir. Senaryonun \u00e7e\u015fitli \u015fekillerde yaz\u0131lmas\u0131 m\u00fcmk\u00fcnd\u00fcr. Kimi \u00e7izer kareleri tarif ederek senaryo yazarken, kimisi sadece diyaloglar\u0131 yazar, baz\u0131 yazarlar da senaryoyu eskiz halinde \u00e7izerek ressama verirler. A\u015fa\u011f\u0131dan \u00c7izgi Roman Senaryosu Nas\u0131l Yaz\u0131l\u0131r asl\u0131 e-kitab\u0131m\u0131z\u0131 okutabilirsiniz.\r\n<figure class=\"wp-block-embed-pdf-viewer-pdf wp-block-embed-pdf-viewer-pdf__content-wrapper aligncenter\"><a href=\"https:\/\/cizgiromanokulu.org\/cr\/comic\/cizgi-roman-senaryosu-nasil-yazilir-ahmet-ziya-sekendiz\/\"><img loading=\"lazy\" decoding=\"async\" class=\"alignnone wp-image-10080 size-full\" src=\"https:\/\/cizgiromanokulu.org\/cr\/wp-content\/uploads\/2023\/02\/ahmet-ziya-sekendiz-cizgi-roman.jpeg\" alt=\"\" width=\"256\" height=\"197\" \/><\/a><\/figure>\r\n<!-- \/wp:post-content -->","protected":false},"excerpt":{"rendered":"<p>\u00c7izgi roman&#8217;\u0131n olmazsa olmaz\u0131 senaryodur. Okulumuzda senaryo nas\u0131l yaz\u0131l\u0131r, hikaye nas\u0131l olu\u015fturulur, karakter nas\u0131l olu\u015fturulur i\u015fliyor, \u00f6\u011freniyoruz. \u00c7izgi roman, \u00e7izim ve yaz\u0131n\u0131n bir araya gelmesinden olu\u015fur. \u00c7izim i\u015flemine senaryo yaz\u0131m\u0131 tamamland\u0131ktan sonra ge\u00e7ilir. Senaryonun \u00e7e\u015fitli \u015fekillerde yaz\u0131lmas\u0131 m\u00fcmk\u00fcnd\u00fcr. Kimi \u00e7izer kareleri tarif ederek senaryo yazarken, kimisi sadece diyaloglar\u0131 yazar, baz\u0131 yazarlar da senaryoyu eskiz halinde [&hellip;]<\/p>\n","protected":false},"author":1,"featured_media":0,"parent":0,"menu_order":0,"comment_status":"closed","ping_status":"closed","template":"","meta":{"footnotes":""},"class_list":["post-3019","page","type-page","status-publish","hentry"],"_links":{"self":[{"href":"https:\/\/cizgiromanokulu.org\/cr\/wp-json\/wp\/v2\/pages\/3019","targetHints":{"allow":["GET"]}}],"collection":[{"href":"https:\/\/cizgiromanokulu.org\/cr\/wp-json\/wp\/v2\/pages"}],"about":[{"href":"https:\/\/cizgiromanokulu.org\/cr\/wp-json\/wp\/v2\/types\/page"}],"author":[{"embeddable":true,"href":"https:\/\/cizgiromanokulu.org\/cr\/wp-json\/wp\/v2\/users\/1"}],"replies":[{"embeddable":true,"href":"https:\/\/cizgiromanokulu.org\/cr\/wp-json\/wp\/v2\/comments?post=3019"}],"version-history":[{"count":10,"href":"https:\/\/cizgiromanokulu.org\/cr\/wp-json\/wp\/v2\/pages\/3019\/revisions"}],"predecessor-version":[{"id":10081,"href":"https:\/\/cizgiromanokulu.org\/cr\/wp-json\/wp\/v2\/pages\/3019\/revisions\/10081"}],"wp:attachment":[{"href":"https:\/\/cizgiromanokulu.org\/cr\/wp-json\/wp\/v2\/media?parent=3019"}],"curies":[{"name":"wp","href":"https:\/\/api.w.org\/{rel}","templated":true}]}}