{"id":2876,"date":"2018-06-18T00:18:48","date_gmt":"2018-06-17T21:18:48","guid":{"rendered":"http:\/\/cizgiromanokulu.com\/cr\/?page_id=2876"},"modified":"2023-11-18T01:22:47","modified_gmt":"2023-11-17T22:22:47","slug":"iletisim","status":"publish","type":"page","link":"https:\/\/cizgiromanokulu.org\/cr\/iletisim\/","title":{"rendered":"\u0130leti\u015fim"},"content":{"rendered":"<div class=\"wpb-content-wrapper\"><p>[vc_row][vc_column][vc_column_text]Bizimle<br \/>\n<a href=\"https:\/\/www.instagram.com\/cizgiromanokulu\/\">https:\/\/www.instagram.com\/cizgiromanokulu\/<\/a><br \/>\nsayfas\u0131ndan ileti\u015fime ge\u00e7ebilir, kay\u0131t yapt\u0131rabilirsiniz.<\/p>\n<p>Dilerseniz fehmidemirbag@gmail.com adresine mail atabilirsiniz.<\/p>\n<p>E\u011fitimlerimiz devam etmektedir.[\/vc_column_text][\/vc_column][\/vc_row]<\/p>\n<\/div>","protected":false},"excerpt":{"rendered":"<p>[vc_row][vc_column][vc_column_text]Bizimle https:\/\/www.instagram.com\/cizgiromanokulu\/ sayfas\u0131ndan ileti\u015fime ge\u00e7ebilir, kay\u0131t yapt\u0131rabilirsiniz. Dilerseniz fehmidemirbag@gmail.com adresine mail atabilirsiniz. E\u011fitimlerimiz devam etmektedir.[\/vc_column_text][\/vc_column][\/vc_row]<\/p>\n","protected":false},"author":1,"featured_media":0,"parent":0,"menu_order":0,"comment_status":"closed","ping_status":"closed","template":"","meta":{"footnotes":""},"class_list":["post-2876","page","type-page","status-publish","hentry"],"_links":{"self":[{"href":"https:\/\/cizgiromanokulu.org\/cr\/wp-json\/wp\/v2\/pages\/2876","targetHints":{"allow":["GET"]}}],"collection":[{"href":"https:\/\/cizgiromanokulu.org\/cr\/wp-json\/wp\/v2\/pages"}],"about":[{"href":"https:\/\/cizgiromanokulu.org\/cr\/wp-json\/wp\/v2\/types\/page"}],"author":[{"embeddable":true,"href":"https:\/\/cizgiromanokulu.org\/cr\/wp-json\/wp\/v2\/users\/1"}],"replies":[{"embeddable":true,"href":"https:\/\/cizgiromanokulu.org\/cr\/wp-json\/wp\/v2\/comments?post=2876"}],"version-history":[{"count":7,"href":"https:\/\/cizgiromanokulu.org\/cr\/wp-json\/wp\/v2\/pages\/2876\/revisions"}],"predecessor-version":[{"id":11352,"href":"https:\/\/cizgiromanokulu.org\/cr\/wp-json\/wp\/v2\/pages\/2876\/revisions\/11352"}],"wp:attachment":[{"href":"https:\/\/cizgiromanokulu.org\/cr\/wp-json\/wp\/v2\/media?parent=2876"}],"curies":[{"name":"wp","href":"https:\/\/api.w.org\/{rel}","templated":true}]}}