{"id":2859,"date":"2018-06-17T23:38:00","date_gmt":"2018-06-17T20:38:00","guid":{"rendered":"http:\/\/cizgiromanokulu.com\/cr\/?page_id=2859"},"modified":"2022-01-07T21:30:03","modified_gmt":"2022-01-07T18:30:03","slug":"cizgi-roman-okulu-egitmenleri","status":"publish","type":"page","link":"https:\/\/cizgiromanokulu.org\/cr\/cizgi-roman-okulu-egitmenleri\/","title":{"rendered":"\u00c7izgi Roman Okulu E\u011fitmenleri"},"content":{"rendered":"<div class=\"wpb-content-wrapper\"><p>[vc_row][vc_column width=&#8221;1\/2&#8243;][cms_fancybox title1=&#8221;Fehmi Demirba\u011f&#8221; button_link1=&#8221;https:\/\/cizgiromanokulu.org\/cr\/team\/fehmi-demirbag\/&#8221; button_text=&#8221;Devam\u0131&#8221; image1=&#8221;2737&#8243; cms_template=&#8221;cms_fancybox.php&#8221; description1=&#8221;\u00c7izgi Roman Okulu Kurucusu ve e\u011fitmen&#8221;][\/vc_column][vc_column width=&#8221;1\/2&#8243;][cms_fancybox title1=&#8221;Ahmet Ziya Sekendiz&#8221; button_link1=&#8221;https:\/\/cizgiromanokulu.org\/cr\/team\/ahmet-ziya-sekendiz\/&#8221; button_text=&#8221;Devam\u0131&#8221; image1=&#8221;2740&#8243; description1=&#8221;E\u011fitmen&#8221; cms_template=&#8221;cms_fancybox.php&#8221;][vc_empty_space][\/vc_column][\/vc_row][vc_row][vc_column width=&#8221;1\/2&#8243;][cms_fancybox title1=&#8221;Nedim Polat&#8221; button_link1=&#8221;https:\/\/cizgiromanokulu.org\/cr\/team\/nedim-polat\/&#8221; button_text=&#8221;Devam\u0131&#8221; image1=&#8221;2744&#8243; description1=&#8221;E\u011fitmen&#8221; cms_template=&#8221;cms_fancybox.php&#8221;][\/vc_column][\/vc_row]<\/p>\n<\/div>","protected":false},"excerpt":{"rendered":"<p>[vc_row][vc_column width=&#8221;1\/2&#8243;][cms_fancybox title1=&#8221;Fehmi Demirba\u011f&#8221; button_link1=&#8221;https:\/\/cizgiromanokulu.org\/cr\/team\/fehmi-demirbag\/&#8221; button_text=&#8221;Devam\u0131&#8221; image1=&#8221;2737&#8243; cms_template=&#8221;cms_fancybox.php&#8221; description1=&#8221;\u00c7izgi Roman Okulu Kurucusu ve e\u011fitmen&#8221;][\/vc_column][vc_column width=&#8221;1\/2&#8243;][cms_fancybox title1=&#8221;Ahmet Ziya Sekendiz&#8221; button_link1=&#8221;https:\/\/cizgiromanokulu.org\/cr\/team\/ahmet-ziya-sekendiz\/&#8221; button_text=&#8221;Devam\u0131&#8221; image1=&#8221;2740&#8243; description1=&#8221;E\u011fitmen&#8221; cms_template=&#8221;cms_fancybox.php&#8221;][vc_empty_space][\/vc_column][\/vc_row][vc_row][vc_column width=&#8221;1\/2&#8243;][cms_fancybox title1=&#8221;Nedim Polat&#8221; button_link1=&#8221;https:\/\/cizgiromanokulu.org\/cr\/team\/nedim-polat\/&#8221; button_text=&#8221;Devam\u0131&#8221; image1=&#8221;2744&#8243; description1=&#8221;E\u011fitmen&#8221; cms_template=&#8221;cms_fancybox.php&#8221;][\/vc_column][\/vc_row]<\/p>\n","protected":false},"author":1,"featured_media":0,"parent":0,"menu_order":0,"comment_status":"closed","ping_status":"closed","template":"","meta":{"footnotes":""},"class_list":["post-2859","page","type-page","status-publish","hentry"],"_links":{"self":[{"href":"https:\/\/cizgiromanokulu.org\/cr\/wp-json\/wp\/v2\/pages\/2859","targetHints":{"allow":["GET"]}}],"collection":[{"href":"https:\/\/cizgiromanokulu.org\/cr\/wp-json\/wp\/v2\/pages"}],"about":[{"href":"https:\/\/cizgiromanokulu.org\/cr\/wp-json\/wp\/v2\/types\/page"}],"author":[{"embeddable":true,"href":"https:\/\/cizgiromanokulu.org\/cr\/wp-json\/wp\/v2\/users\/1"}],"replies":[{"embeddable":true,"href":"https:\/\/cizgiromanokulu.org\/cr\/wp-json\/wp\/v2\/comments?post=2859"}],"version-history":[{"count":8,"href":"https:\/\/cizgiromanokulu.org\/cr\/wp-json\/wp\/v2\/pages\/2859\/revisions"}],"predecessor-version":[{"id":7431,"href":"https:\/\/cizgiromanokulu.org\/cr\/wp-json\/wp\/v2\/pages\/2859\/revisions\/7431"}],"wp:attachment":[{"href":"https:\/\/cizgiromanokulu.org\/cr\/wp-json\/wp\/v2\/media?parent=2859"}],"curies":[{"name":"wp","href":"https:\/\/api.w.org\/{rel}","templated":true}]}}