{"id":10167,"date":"2023-06-13T18:45:16","date_gmt":"2023-06-13T15:45:16","guid":{"rendered":"http:\/\/cizgiromanokulu.org\/cr\/?page_id=10167"},"modified":"2024-01-05T23:31:08","modified_gmt":"2024-01-05T20:31:08","slug":"kitaplar-fehmi-demirbag","status":"publish","type":"page","link":"https:\/\/cizgiromanokulu.org\/cr\/kitaplar-fehmi-demirbag\/","title":{"rendered":"kitaplar-fehmi-demirbag"},"content":{"rendered":"<p>&nbsp;<\/p>\r\n\r\n<p style=\"text-align: center;\">Fehmi Demirba\u011f&#8217;\u0131n kitaplar\u0131n\u0131 okumak i\u00e7in kapaklara t\u0131klay\u0131n. \u00d6\u011frenci \u00e7al\u0131\u015fmalar\u0131 i\u00e7in <a href=\"https:\/\/cizgiromanokulu.org\/cr\/kitaplar\/\">buray\u0131 t\u0131klay\u0131n<\/a>.<\/p>\r\n<table border=\"0\" width=\"100%\">\r\n<tbody>\r\n<tr>\r\n<td align=\"center\"><a href=\"https:\/\/cizgiromanokulu.org\/cr\/comic\/baba-ocagi-ana-kucagi-aile-fehmi-demirbag\/\"><img loading=\"lazy\" decoding=\"async\" class=\"alignnone wp-image-11335 size-full\" src=\"https:\/\/cizgiromanokulu.org\/cr\/wp-content\/uploads\/2023\/11\/baba-ocagi-kitap-y.png\" alt=\"\" width=\"300\" height=\"230\" \/><\/a><\/td>\r\n<td align=\"center\"><a href=\"https:\/\/cizgiromanokulu.org\/cr\/comic\/israil-nasil-kuruldu-fehmi-demirbag\/\"><img loading=\"lazy\" decoding=\"async\" class=\"alignnone size-full wp-image-11530\" src=\"https:\/\/cizgiromanokulu.org\/cr\/wp-content\/uploads\/2023\/11\/israil-nasil.jpg\" alt=\"\" width=\"300\" height=\"230\" \/><\/a><\/td>\r\n<td align=\"center\"><a href=\"https:\/\/cizgiromanokulu.org\/cr\/comic\/emperyalist-kelebekler-fehmi-demirbag\/\"><img loading=\"lazy\" decoding=\"async\" class=\"alignnone size-full wp-image-12692\" src=\"https:\/\/cizgiromanokulu.org\/cr\/wp-content\/uploads\/2024\/01\/emperyalist-kelebekler-kitap.jpg\" alt=\"\" width=\"300\" height=\"230\" \/><\/a><\/td>\r\n<td align=\"center\">\u00a0<\/td>\r\n<\/tr>\r\n<tr>\r\n<td align=\"center\"><a href=\"https:\/\/cizgiromanokulu.org\/cr\/comic\/universite-sinavi-nasil-kazanilir-fehmi-demirbag-kitap\/\"><img loading=\"lazy\" decoding=\"async\" class=\"alignnone wp-image-8116\" src=\"https:\/\/cizgiromanokulu.org\/cr\/wp-content\/uploads\/2022\/02\/UNIVERSITE_SINAVI_NASIL_KAZANILIR-fehmi-demirbag-300x230.png\" alt=\"\" width=\"329\" height=\"252\" srcset=\"https:\/\/cizgiromanokulu.org\/cr\/wp-content\/uploads\/2022\/02\/UNIVERSITE_SINAVI_NASIL_KAZANILIR-fehmi-demirbag-300x230.png 300w, https:\/\/cizgiromanokulu.org\/cr\/wp-content\/uploads\/2022\/02\/UNIVERSITE_SINAVI_NASIL_KAZANILIR-fehmi-demirbag-600x460.png 600w, https:\/\/cizgiromanokulu.org\/cr\/wp-content\/uploads\/2022\/02\/UNIVERSITE_SINAVI_NASIL_KAZANILIR-fehmi-demirbag-1024x785.png 1024w, https:\/\/cizgiromanokulu.org\/cr\/wp-content\/uploads\/2022\/02\/UNIVERSITE_SINAVI_NASIL_KAZANILIR-fehmi-demirbag-768x589.png 768w, https:\/\/cizgiromanokulu.org\/cr\/wp-content\/uploads\/2022\/02\/UNIVERSITE_SINAVI_NASIL_KAZANILIR-fehmi-demirbag-624x478.png 624w, https:\/\/cizgiromanokulu.org\/cr\/wp-content\/uploads\/2022\/02\/UNIVERSITE_SINAVI_NASIL_KAZANILIR-fehmi-demirbag.png 1500w\" sizes=\"auto, (max-width: 329px) 100vw, 329px\" \/><\/a><\/td>\r\n<td align=\"center\"><a href=\"https:\/\/cizgiromanokulu.org\/cr\/comic\/iyi-insan-olmanin-kodlari-fehmi-demirbag\/\"><img loading=\"lazy\" decoding=\"async\" class=\"alignnone size-medium wp-image-7953\" src=\"https:\/\/cizgiromanokulu.org\/cr\/wp-content\/uploads\/2022\/02\/IYI_INSAN_OLMANIN_KODLARI-fehmi-demirbag-300x230.png\" alt=\"\" width=\"300\" height=\"230\" srcset=\"https:\/\/cizgiromanokulu.org\/cr\/wp-content\/uploads\/2022\/02\/IYI_INSAN_OLMANIN_KODLARI-fehmi-demirbag-300x230.png 300w, https:\/\/cizgiromanokulu.org\/cr\/wp-content\/uploads\/2022\/02\/IYI_INSAN_OLMANIN_KODLARI-fehmi-demirbag-600x460.png 600w, https:\/\/cizgiromanokulu.org\/cr\/wp-content\/uploads\/2022\/02\/IYI_INSAN_OLMANIN_KODLARI-fehmi-demirbag-1024x785.png 1024w, https:\/\/cizgiromanokulu.org\/cr\/wp-content\/uploads\/2022\/02\/IYI_INSAN_OLMANIN_KODLARI-fehmi-demirbag-768x589.png 768w, https:\/\/cizgiromanokulu.org\/cr\/wp-content\/uploads\/2022\/02\/IYI_INSAN_OLMANIN_KODLARI-fehmi-demirbag-624x478.png 624w, https:\/\/cizgiromanokulu.org\/cr\/wp-content\/uploads\/2022\/02\/IYI_INSAN_OLMANIN_KODLARI-fehmi-demirbag.png 1500w\" sizes=\"auto, (max-width: 300px) 100vw, 300px\" \/><\/a><\/td>\r\n<td align=\"center\"><a href=\"https:\/\/cizgiromanokulu.org\/cr\/comic\/erbakan-ve-oto-tamir-bakim-servisi-fehmi-demirbag\/\"><img loading=\"lazy\" decoding=\"async\" class=\"alignnone size-medium wp-image-7790\" src=\"https:\/\/cizgiromanokulu.org\/cr\/wp-content\/uploads\/2022\/02\/ERBAKAN_ve_OTO_TAMIR_BAKIM_SERVISI-fehmi-demirbag-300x230.png\" alt=\"\" width=\"300\" height=\"230\" srcset=\"https:\/\/cizgiromanokulu.org\/cr\/wp-content\/uploads\/2022\/02\/ERBAKAN_ve_OTO_TAMIR_BAKIM_SERVISI-fehmi-demirbag-300x230.png 300w, https:\/\/cizgiromanokulu.org\/cr\/wp-content\/uploads\/2022\/02\/ERBAKAN_ve_OTO_TAMIR_BAKIM_SERVISI-fehmi-demirbag-600x460.png 600w, https:\/\/cizgiromanokulu.org\/cr\/wp-content\/uploads\/2022\/02\/ERBAKAN_ve_OTO_TAMIR_BAKIM_SERVISI-fehmi-demirbag-1024x785.png 1024w, https:\/\/cizgiromanokulu.org\/cr\/wp-content\/uploads\/2022\/02\/ERBAKAN_ve_OTO_TAMIR_BAKIM_SERVISI-fehmi-demirbag-768x589.png 768w, https:\/\/cizgiromanokulu.org\/cr\/wp-content\/uploads\/2022\/02\/ERBAKAN_ve_OTO_TAMIR_BAKIM_SERVISI-fehmi-demirbag-624x478.png 624w, https:\/\/cizgiromanokulu.org\/cr\/wp-content\/uploads\/2022\/02\/ERBAKAN_ve_OTO_TAMIR_BAKIM_SERVISI-fehmi-demirbag.png 1500w\" sizes=\"auto, (max-width: 300px) 100vw, 300px\" \/><\/a><\/td>\r\n<td align=\"center\"><a href=\"https:\/\/cizgiromanokulu.org\/cr\/comic\/bagirsaklari-bagirtmasak-fehmi-demirbag-kitap\/\"><img loading=\"lazy\" decoding=\"async\" class=\"alignnone size-medium wp-image-7607\" src=\"https:\/\/cizgiromanokulu.org\/cr\/wp-content\/uploads\/2022\/02\/BAGIRSAKLARI_BAGIRTMASAK-fehmi-demirbag-300x230.png\" alt=\"\" width=\"300\" height=\"230\" srcset=\"https:\/\/cizgiromanokulu.org\/cr\/wp-content\/uploads\/2022\/02\/BAGIRSAKLARI_BAGIRTMASAK-fehmi-demirbag-300x230.png 300w, https:\/\/cizgiromanokulu.org\/cr\/wp-content\/uploads\/2022\/02\/BAGIRSAKLARI_BAGIRTMASAK-fehmi-demirbag-600x460.png 600w, https:\/\/cizgiromanokulu.org\/cr\/wp-content\/uploads\/2022\/02\/BAGIRSAKLARI_BAGIRTMASAK-fehmi-demirbag-1024x785.png 1024w, https:\/\/cizgiromanokulu.org\/cr\/wp-content\/uploads\/2022\/02\/BAGIRSAKLARI_BAGIRTMASAK-fehmi-demirbag-768x589.png 768w, https:\/\/cizgiromanokulu.org\/cr\/wp-content\/uploads\/2022\/02\/BAGIRSAKLARI_BAGIRTMASAK-fehmi-demirbag-624x478.png 624w, https:\/\/cizgiromanokulu.org\/cr\/wp-content\/uploads\/2022\/02\/BAGIRSAKLARI_BAGIRTMASAK-fehmi-demirbag.png 1500w\" sizes=\"auto, (max-width: 300px) 100vw, 300px\" \/><\/a><\/td>\r\n<\/tr>\r\n<tr>\r\n<td align=\"center\"><a href=\"https:\/\/cizgiromanokulu.org\/cr\/comic\/korku-masallari-fehmi-demirbag\/\"><img loading=\"lazy\" decoding=\"async\" class=\"alignnone wp-image-4021 size-medium\" src=\"https:\/\/cizgiromanokulu.org\/cr\/wp-content\/uploads\/2021\/04\/korku-masallari-kaak-300x230.png\" alt=\"\" width=\"300\" height=\"230\" srcset=\"https:\/\/cizgiromanokulu.org\/cr\/wp-content\/uploads\/2021\/04\/korku-masallari-kaak-300x230.png 300w, https:\/\/cizgiromanokulu.org\/cr\/wp-content\/uploads\/2021\/04\/korku-masallari-kaak-600x460.png 600w, https:\/\/cizgiromanokulu.org\/cr\/wp-content\/uploads\/2021\/04\/korku-masallari-kaak-768x589.png 768w, https:\/\/cizgiromanokulu.org\/cr\/wp-content\/uploads\/2021\/04\/korku-masallari-kaak-1024x785.png 1024w, https:\/\/cizgiromanokulu.org\/cr\/wp-content\/uploads\/2021\/04\/korku-masallari-kaak-624x478.png 624w, https:\/\/cizgiromanokulu.org\/cr\/wp-content\/uploads\/2021\/04\/korku-masallari-kaak.png 1500w\" sizes=\"auto, (max-width: 300px) 100vw, 300px\" \/><\/a><\/td>\r\n<td align=\"center\"><a href=\"https:\/\/cizgiromanokulu.org\/cr\/comic\/571-fehmi-demirbag\/\"><img loading=\"lazy\" decoding=\"async\" class=\"alignnone wp-image-4023 size-medium\" src=\"https:\/\/cizgiromanokulu.org\/cr\/wp-content\/uploads\/2021\/04\/571-kapak-300x230.png\" alt=\"\" width=\"300\" height=\"230\" srcset=\"https:\/\/cizgiromanokulu.org\/cr\/wp-content\/uploads\/2021\/04\/571-kapak-300x230.png 300w, https:\/\/cizgiromanokulu.org\/cr\/wp-content\/uploads\/2021\/04\/571-kapak-600x460.png 600w, https:\/\/cizgiromanokulu.org\/cr\/wp-content\/uploads\/2021\/04\/571-kapak-768x589.png 768w, https:\/\/cizgiromanokulu.org\/cr\/wp-content\/uploads\/2021\/04\/571-kapak-1024x785.png 1024w, https:\/\/cizgiromanokulu.org\/cr\/wp-content\/uploads\/2021\/04\/571-kapak-624x478.png 624w, https:\/\/cizgiromanokulu.org\/cr\/wp-content\/uploads\/2021\/04\/571-kapak.png 1500w\" sizes=\"auto, (max-width: 300px) 100vw, 300px\" \/><\/a><\/td>\r\n<td align=\"center\"><a href=\"https:\/\/cizgiromanokulu.org\/cr\/comic\/usandik-fehmi-demirbag-kitap\/\"><img loading=\"lazy\" decoding=\"async\" class=\"alignnone wp-image-11336 size-full\" src=\"https:\/\/cizgiromanokulu.org\/cr\/wp-content\/uploads\/2023\/11\/usandik-y.png\" alt=\"\" width=\"300\" height=\"230\" \/><\/a><\/td>\r\n<td align=\"center\"><a href=\"https:\/\/cizgiromanokulu.org\/cr\/comic\/yoh-deve-fehmi-demirbag\/\"><img loading=\"lazy\" decoding=\"async\" class=\"alignnone wp-image-4025 size-medium\" src=\"https:\/\/cizgiromanokulu.org\/cr\/wp-content\/uploads\/2021\/04\/yoh-deve-300x230.png\" alt=\"\" width=\"300\" height=\"230\" srcset=\"https:\/\/cizgiromanokulu.org\/cr\/wp-content\/uploads\/2021\/04\/yoh-deve-300x230.png 300w, https:\/\/cizgiromanokulu.org\/cr\/wp-content\/uploads\/2021\/04\/yoh-deve-600x460.png 600w, https:\/\/cizgiromanokulu.org\/cr\/wp-content\/uploads\/2021\/04\/yoh-deve-768x589.png 768w, https:\/\/cizgiromanokulu.org\/cr\/wp-content\/uploads\/2021\/04\/yoh-deve-1024x785.png 1024w, https:\/\/cizgiromanokulu.org\/cr\/wp-content\/uploads\/2021\/04\/yoh-deve-624x478.png 624w, https:\/\/cizgiromanokulu.org\/cr\/wp-content\/uploads\/2021\/04\/yoh-deve.png 1500w\" sizes=\"auto, (max-width: 300px) 100vw, 300px\" \/><\/a><\/td>\r\n<\/tr>\r\n<tr>\r\n<td align=\"center\"><a href=\"https:\/\/cizgiromanokulu.org\/cr\/comic\/orman-5ten-buyuktur-fehmi-demirbag\/\"><img loading=\"lazy\" decoding=\"async\" class=\"alignnone wp-image-11337 size-full\" src=\"https:\/\/cizgiromanokulu.org\/cr\/wp-content\/uploads\/2023\/11\/orman-kapak-y.png\" alt=\"\" width=\"300\" height=\"230\" \/><\/a><\/td>\r\n<td align=\"center\"><a href=\"https:\/\/cizgiromanokulu.org\/cr\/comic\/tarih-yalan-soyler-mi-fehmi-demirbag\/\"><img loading=\"lazy\" decoding=\"async\" class=\"alignnone wp-image-11338 size-full\" src=\"https:\/\/cizgiromanokulu.org\/cr\/wp-content\/uploads\/2023\/11\/tarih-yalan-kapak-y.png\" alt=\"\" width=\"300\" height=\"230\" \/><\/a><\/td>\r\n<td align=\"center\"><a href=\"https:\/\/cizgiromanokulu.org\/cr\/comic\/ask-olsun-mahmud-hoca-fehmi-demirbag\/\"><img loading=\"lazy\" decoding=\"async\" class=\"alignnone wp-image-6324\" src=\"https:\/\/cizgiromanokulu.org\/cr\/wp-content\/uploads\/2022\/01\/ASK-OLSUN.png\" alt=\"\" width=\"292\" height=\"224\" srcset=\"https:\/\/cizgiromanokulu.org\/cr\/wp-content\/uploads\/2022\/01\/ASK-OLSUN.png 1500w, https:\/\/cizgiromanokulu.org\/cr\/wp-content\/uploads\/2022\/01\/ASK-OLSUN-600x460.png 600w, https:\/\/cizgiromanokulu.org\/cr\/wp-content\/uploads\/2022\/01\/ASK-OLSUN-300x230.png 300w, https:\/\/cizgiromanokulu.org\/cr\/wp-content\/uploads\/2022\/01\/ASK-OLSUN-1024x785.png 1024w, https:\/\/cizgiromanokulu.org\/cr\/wp-content\/uploads\/2022\/01\/ASK-OLSUN-768x589.png 768w, https:\/\/cizgiromanokulu.org\/cr\/wp-content\/uploads\/2022\/01\/ASK-OLSUN-624x478.png 624w\" sizes=\"auto, (max-width: 292px) 100vw, 292px\" \/><\/a><\/td>\r\n<td align=\"center\"><a href=\"https:\/\/cizgiromanokulu.org\/cr\/comic\/571-book-life-of-prophet-muhammad\/\"><img loading=\"lazy\" decoding=\"async\" class=\"alignnone wp-image-7410 size-full\" src=\"https:\/\/cizgiromanokulu.org\/cr\/wp-content\/uploads\/2022\/01\/571-english-life-of-prophet-Muhammad.png\" alt=\"\" width=\"300\" height=\"230\" \/><\/a><\/td>\r\n<\/tr>\r\n<tr>\r\n<td align=\"center\"><a href=\"https:\/\/cizgiromanokulu.org\/cr\/comic\/heroturk-sihirli-yelek-ve-marco-polo\/\"><img loading=\"lazy\" decoding=\"async\" class=\"alignnone wp-image-4344 size-full\" src=\"https:\/\/cizgiromanokulu.org\/cr\/wp-content\/uploads\/2021\/05\/heroturk-marco-polo.jpg\" alt=\"\" width=\"300\" height=\"230\" \/><\/a><\/td>\r\n<td align=\"center\"><a href=\"https:\/\/cizgiromanokulu.org\/cr\/comic\/heroturk-battal-gazi\/\"><img loading=\"lazy\" decoding=\"async\" class=\"alignnone wp-image-4342 size-full\" src=\"https:\/\/cizgiromanokulu.org\/cr\/wp-content\/uploads\/2021\/05\/heroturk-battal-gazi.jpg\" alt=\"\" width=\"300\" height=\"230\" \/><\/a><\/td>\r\n<td align=\"center\"><a href=\"https:\/\/cizgiromanokulu.org\/cr\/comic\/heroturk-evliya-celebi-umudun-kanatlari\/\"><img loading=\"lazy\" decoding=\"async\" class=\"alignnone wp-image-12694 size-full\" src=\"https:\/\/cizgiromanokulu.org\/cr\/wp-content\/uploads\/2024\/01\/her.jpg\" alt=\"\" width=\"300\" height=\"230\" \/><\/a><\/td>\r\n<td align=\"center\"><a href=\"https:\/\/cizgiromanokulu.org\/cr\/comic\/herorturk-istanbulun-fethi-cizgi-roman\/\"><img loading=\"lazy\" decoding=\"async\" class=\"alignnone wp-image-11339 size-full\" src=\"https:\/\/cizgiromanokulu.org\/cr\/wp-content\/uploads\/2023\/11\/heroturk-istanbulun-fethi-kapak-y.png\" alt=\"\" width=\"300\" height=\"230\" \/><\/a><\/td>\r\n<\/tr>\r\n<tr>\r\n<td align=\"center\"><a href=\"https:\/\/cizgiromanokulu.org\/cr\/comic\/mahallenin-en-guzel-abisi-cizgi-roman\/\"><img loading=\"lazy\" decoding=\"async\" class=\"alignnone wp-image-4878\" src=\"https:\/\/cizgiromanokulu.org\/cr\/wp-content\/uploads\/2021\/12\/mahallenin-en-guzel-abisi-cizgi-roman.png\" alt=\"\" width=\"275\" height=\"211\" srcset=\"https:\/\/cizgiromanokulu.org\/cr\/wp-content\/uploads\/2021\/12\/mahallenin-en-guzel-abisi-cizgi-roman.png 1500w, https:\/\/cizgiromanokulu.org\/cr\/wp-content\/uploads\/2021\/12\/mahallenin-en-guzel-abisi-cizgi-roman-600x460.png 600w, https:\/\/cizgiromanokulu.org\/cr\/wp-content\/uploads\/2021\/12\/mahallenin-en-guzel-abisi-cizgi-roman-300x230.png 300w, https:\/\/cizgiromanokulu.org\/cr\/wp-content\/uploads\/2021\/12\/mahallenin-en-guzel-abisi-cizgi-roman-1024x785.png 1024w, https:\/\/cizgiromanokulu.org\/cr\/wp-content\/uploads\/2021\/12\/mahallenin-en-guzel-abisi-cizgi-roman-768x589.png 768w, https:\/\/cizgiromanokulu.org\/cr\/wp-content\/uploads\/2021\/12\/mahallenin-en-guzel-abisi-cizgi-roman-624x478.png 624w\" sizes=\"auto, (max-width: 275px) 100vw, 275px\" \/><\/a><\/td>\r\n<td align=\"center\"><a href=\"https:\/\/cizgiromanokulu.org\/cr\/comic\/neden-cizgi-roman-cizgi-roman-okulu-projesi\/\"><img loading=\"lazy\" decoding=\"async\" class=\"alignnone wp-image-4924\" src=\"https:\/\/cizgiromanokulu.org\/cr\/wp-content\/uploads\/2021\/12\/cizgi-roman-okulu-projesi-kapak.png\" alt=\"\" width=\"271\" height=\"208\" srcset=\"https:\/\/cizgiromanokulu.org\/cr\/wp-content\/uploads\/2021\/12\/cizgi-roman-okulu-projesi-kapak.png 1500w, https:\/\/cizgiromanokulu.org\/cr\/wp-content\/uploads\/2021\/12\/cizgi-roman-okulu-projesi-kapak-600x460.png 600w, https:\/\/cizgiromanokulu.org\/cr\/wp-content\/uploads\/2021\/12\/cizgi-roman-okulu-projesi-kapak-300x230.png 300w, https:\/\/cizgiromanokulu.org\/cr\/wp-content\/uploads\/2021\/12\/cizgi-roman-okulu-projesi-kapak-1024x785.png 1024w, https:\/\/cizgiromanokulu.org\/cr\/wp-content\/uploads\/2021\/12\/cizgi-roman-okulu-projesi-kapak-768x589.png 768w, https:\/\/cizgiromanokulu.org\/cr\/wp-content\/uploads\/2021\/12\/cizgi-roman-okulu-projesi-kapak-624x478.png 624w\" sizes=\"auto, (max-width: 271px) 100vw, 271px\" \/><\/a><\/td>\r\n<td align=\"center\"><a href=\"https:\/\/cizgiromanokulu.org\/cr\/comic\/neden-cizgi-roman-fehmi-demirbag\/\"><img loading=\"lazy\" decoding=\"async\" class=\"alignnone wp-image-4925\" src=\"https:\/\/cizgiromanokulu.org\/cr\/wp-content\/uploads\/2021\/12\/neden-cizgi-roman-kapak.png\" alt=\"\" width=\"297\" height=\"228\" srcset=\"https:\/\/cizgiromanokulu.org\/cr\/wp-content\/uploads\/2021\/12\/neden-cizgi-roman-kapak.png 1500w, https:\/\/cizgiromanokulu.org\/cr\/wp-content\/uploads\/2021\/12\/neden-cizgi-roman-kapak-600x460.png 600w, https:\/\/cizgiromanokulu.org\/cr\/wp-content\/uploads\/2021\/12\/neden-cizgi-roman-kapak-300x230.png 300w, https:\/\/cizgiromanokulu.org\/cr\/wp-content\/uploads\/2021\/12\/neden-cizgi-roman-kapak-1024x785.png 1024w, https:\/\/cizgiromanokulu.org\/cr\/wp-content\/uploads\/2021\/12\/neden-cizgi-roman-kapak-768x589.png 768w, https:\/\/cizgiromanokulu.org\/cr\/wp-content\/uploads\/2021\/12\/neden-cizgi-roman-kapak-624x478.png 624w\" sizes=\"auto, (max-width: 297px) 100vw, 297px\" \/><\/a><\/td>\r\n<td align=\"center\"><a href=\"https:\/\/cizgiromanokulu.org\/cr\/comic\/kod-adi-beyaz-huzun-fehmi-demirbag-kitap\/\"><img loading=\"lazy\" decoding=\"async\" class=\"alignnone wp-image-8559\" src=\"https:\/\/cizgiromanokulu.org\/cr\/wp-content\/uploads\/2022\/02\/KOD-ADI-BEYAZ-HUZUN-300x230.png\" alt=\"\" width=\"326\" height=\"250\" srcset=\"https:\/\/cizgiromanokulu.org\/cr\/wp-content\/uploads\/2022\/02\/KOD-ADI-BEYAZ-HUZUN-300x230.png 300w, https:\/\/cizgiromanokulu.org\/cr\/wp-content\/uploads\/2022\/02\/KOD-ADI-BEYAZ-HUZUN-600x460.png 600w, https:\/\/cizgiromanokulu.org\/cr\/wp-content\/uploads\/2022\/02\/KOD-ADI-BEYAZ-HUZUN-1024x785.png 1024w, https:\/\/cizgiromanokulu.org\/cr\/wp-content\/uploads\/2022\/02\/KOD-ADI-BEYAZ-HUZUN-768x589.png 768w, https:\/\/cizgiromanokulu.org\/cr\/wp-content\/uploads\/2022\/02\/KOD-ADI-BEYAZ-HUZUN-624x478.png 624w, https:\/\/cizgiromanokulu.org\/cr\/wp-content\/uploads\/2022\/02\/KOD-ADI-BEYAZ-HUZUN.png 1500w\" sizes=\"auto, (max-width: 326px) 100vw, 326px\" \/><\/a><\/td>\r\n<\/tr>\r\n<\/tbody>\r\n<\/table>\r\n<p>&nbsp;<\/p>","protected":false},"excerpt":{"rendered":"<p>&nbsp; Fehmi Demirba\u011f&#8217;\u0131n kitaplar\u0131n\u0131 okumak i\u00e7in kapaklara t\u0131klay\u0131n. \u00d6\u011frenci \u00e7al\u0131\u015fmalar\u0131 i\u00e7in buray\u0131 t\u0131klay\u0131n. \u00a0 &nbsp;<\/p>\n","protected":false},"author":1,"featured_media":0,"parent":0,"menu_order":0,"comment_status":"closed","ping_status":"closed","template":"","meta":{"footnotes":""},"class_list":["post-10167","page","type-page","status-publish","hentry"],"_links":{"self":[{"href":"https:\/\/cizgiromanokulu.org\/cr\/wp-json\/wp\/v2\/pages\/10167","targetHints":{"allow":["GET"]}}],"collection":[{"href":"https:\/\/cizgiromanokulu.org\/cr\/wp-json\/wp\/v2\/pages"}],"about":[{"href":"https:\/\/cizgiromanokulu.org\/cr\/wp-json\/wp\/v2\/types\/page"}],"author":[{"embeddable":true,"href":"https:\/\/cizgiromanokulu.org\/cr\/wp-json\/wp\/v2\/users\/1"}],"replies":[{"embeddable":true,"href":"https:\/\/cizgiromanokulu.org\/cr\/wp-json\/wp\/v2\/comments?post=10167"}],"version-history":[{"count":12,"href":"https:\/\/cizgiromanokulu.org\/cr\/wp-json\/wp\/v2\/pages\/10167\/revisions"}],"predecessor-version":[{"id":12695,"href":"https:\/\/cizgiromanokulu.org\/cr\/wp-json\/wp\/v2\/pages\/10167\/revisions\/12695"}],"wp:attachment":[{"href":"https:\/\/cizgiromanokulu.org\/cr\/wp-json\/wp\/v2\/media?parent=10167"}],"curies":[{"name":"wp","href":"https:\/\/api.w.org\/{rel}","templated":true}]}}